{"id":2238,"date":"2026-01-22T12:58:20","date_gmt":"2026-01-22T11:58:20","guid":{"rendered":"https:\/\/voytechauto.com\/dienstleistungen\/"},"modified":"2026-04-15T01:26:01","modified_gmt":"2026-04-14T23:26:01","slug":"dienstleistungen","status":"publish","type":"page","link":"https:\/\/voytechauto.com\/de\/dienstleistungen\/","title":{"rendered":"Dienstleistungen"},"content":{"rendered":"\n<div class=\"wp-block-essential-blocks-advanced-heading root-eb-advance-heading-jr2uw\"><div class=\"eb-parent-wrapper eb-parent-eb-advance-heading-jr2uw \"><div class=\"eb-advance-heading-wrapper eb-advance-heading-jr2uw button-1 undefined\" data-id=\"eb-advance-heading-jr2uw\"><h2 class=\"eb-ah-title\"><span class=\"first-title\">Fahrzeugservice<\/span><\/h2><\/div><\/div><\/div>\n\n<p>Wir bieten eine vollst\u00e4ndige Wartung f\u00fcr Ihr geliebtes Fahrzeug an. Unsere erfahrenen Techniker k\u00fcmmern sich um den Wechsel aller Fl\u00fcssigkeiten, f\u00fchren gr\u00fcndliche Bremspr\u00fcfungen und -wechsel durch, \u00fcberpr\u00fcfen bei Bedarf die Motorverdichtung und l\u00f6sen professionell alle elektrischen Probleme, die Ihr Fahrzeug haben k\u00f6nnte. Wir gehen \u00fcber die Standards hinaus, um die optimale Leistung und Sicherheit Ihres Fahrzeugs zu gew\u00e4hrleisten. Wir gehen die Extrameile, um die optimale Leistung und Sicherheit Ihres Fahrzeugs zu gew\u00e4hrleisten.<\/p>\n\n<div class=\"wp-block-essential-blocks-advanced-heading root-eb-advance-heading-jyz4h\"><div class=\"eb-parent-wrapper eb-parent-eb-advance-heading-jyz4h \"><div class=\"eb-advance-heading-wrapper eb-advance-heading-jyz4h button-1 undefined\" data-id=\"eb-advance-heading-jyz4h\"><h2 class=\"eb-ah-title\"><span class=\"first-title\">Komplette Fahrzeugrestaurierung<\/span><\/h2><\/div><\/div><\/div>\n\n<p>Unsere umfassenden Restaurationsleistungen umfassen die Demontage des Fahrzeugs sowie die sorgf\u00e4ltige Ausf\u00fchrung jedes einzelnen Arbeitsschritts unter unserer Aufsicht. Wir k\u00fcmmern uns um Karosseriearbeiten, reinigen und erneuern alle Teile gr\u00fcndlich, restaurieren Polsterungen, reparieren elektrische Leitungen, \u00fcberarbeiten Felgen und bieten Lackierarbeiten unter unserer Aufsicht an. Genie\u00dfen Sie einen nahtlosen Restaurierungsprozess mit uns, w\u00e4hrend wir Ihr geliebtes Auto wieder zum Leben erwecken \u2013 so gut wie neu, in Optik und Funktion.<\/p>\n\n<div class=\"wp-block-essential-blocks-advanced-heading root-eb-advance-heading-ibkqe\"><div class=\"eb-parent-wrapper eb-parent-eb-advance-heading-ibkqe \"><div class=\"eb-advance-heading-wrapper eb-advance-heading-ibkqe button-1 undefined\" data-id=\"eb-advance-heading-ibkqe\"><h2 class=\"eb-ah-title\"><span class=\"first-title\">Motorumbau<\/span><\/h2><\/div><\/div><\/div>\n\n<p>R\u00fcsten Sie Ihr Porsche 924 oder 944 mit einem 1.8T Turbo-Motor auf, um die Leistung, Kraftstoffeffizienz und Zuverl\u00e4ssigkeit zu verbessern. Diese Umr\u00fcstung steigert die Leistung mit moderner Turbo-Power und bietet gleichzeitig eine bessere Verf\u00fcgbarkeit von Ersatzteilen und einfachere Wartung. Der 1.8T-Motor ist bekannt f\u00fcr seine Haltbarkeit und Tuning-Potenzial, was ihn zur idealen Wahl f\u00fcr Performance-Enthusiasten macht, die ihr klassisches Porsche aufr\u00fcsten m\u00f6chten.<\/p>\n\n<div class=\"wp-block-essential-blocks-advanced-heading root-eb-advance-heading-pldn2\"><div class=\"eb-parent-wrapper eb-parent-eb-advance-heading-pldn2 \"><div class=\"eb-advance-heading-wrapper eb-advance-heading-pldn2 button-1 undefined\" data-id=\"eb-advance-heading-pldn2\"><h2 class=\"eb-ah-title\"><span class=\"first-title\">Modifikation des Antriebsstrangs: Getriebeumr\u00fcstung in Porsche 924\/944<\/span><\/h2><\/div><\/div><\/div>\n\n<p>Im Rahmen der Antriebsstrang-Modifikation beim Porsche 924 und 944 ersetzen wir das originale F\u00fcnfganggetriebe durch eine modernere Sechsgang-Version. Dieser Umbau wird nicht nur die Leistung des Fahrzeugs steigern, sondern auch den Fahrkomfort verbessern, dank des reibungsloseren Betriebs des Getriebes und der besseren \u00dcbersetzungsverh\u00e4ltnisse. Das neue Sechsganggetriebe erm\u00f6glicht ein sanfteres Fahren bei h\u00f6heren Geschwindigkeiten, was Fahrer, die bessere Leistung und Komfort in ihren klassischen Porsches suchen, sicherlich zu sch\u00e4tzen wissen.<\/p>\n\n<div class=\"wp-block-essential-blocks-advanced-heading root-eb-advance-heading-sr3zo\"><div class=\"eb-parent-wrapper eb-parent-eb-advance-heading-sr3zo \"><div class=\"eb-advance-heading-wrapper eb-advance-heading-sr3zo button-1 undefined\" data-id=\"eb-advance-heading-sr3zo\"><h2 class=\"eb-ah-title\"><span class=\"first-title\">Motor\u00fcberholung<\/span><\/h2><\/div><\/div><\/div>\n\n<p>Ein festgefressener oder anderweitig besch\u00e4digter Motor ist f\u00fcr uns kein Problem. Wir bauen Motoren von Grund auf neu auf und stellen ihre volle Funktionalit\u00e4t sowie ihr werksgetreues Erscheinungsbild wieder her. Unsere Dienstleistungen umfassen das Einsetzen von Zylinderlaufbuchsen, das Planen und Ausrichten des Motorblocks, die Instandsetzung von Zylinderk\u00f6pfen, den Austausch von Verschlei\u00dfteilen sowie die Reinigung und Aufarbeitung von Motorkomponenten und Zubeh\u00f6r. Mit unserem umfassenden Service wird Ihr Motor wieder wie neu arbeiten und aussehen.<\/p>\n\n<p><\/p>\n","protected":false},"excerpt":{"rendered":"<p>Wir bieten eine vollst\u00e4ndige Wartung f\u00fcr Ihr geliebtes Fahrzeug an. Unsere erfahrenen Techniker k\u00fcmmern sich um den Wechsel aller Fl\u00fcssigkeiten, f\u00fchren gr\u00fcndliche Bremspr\u00fcfungen und -wechsel durch, \u00fcberpr\u00fcfen bei Bedarf die Motorverdichtung und l\u00f6sen professionell alle elektrischen Probleme, die Ihr Fahrzeug haben k\u00f6nnte. Wir gehen \u00fcber die Standards hinaus, um die optimale Leistung und Sicherheit Ihres [&hellip;]<\/p>\n","protected":false},"author":1,"featured_media":0,"parent":0,"menu_order":0,"comment_status":"closed","ping_status":"closed","template":"","meta":{"footnotes":""},"class_list":["post-2238","page","type-page","status-publish","hentry"],"yoast_head":"<!-- This site is optimized with the Yoast SEO plugin v27.3 - https:\/\/yoast.com\/product\/yoast-seo-wordpress\/ -->\n<title>Dienstleistungen - Transaxle &amp; Classic Porsche Specialist in Krak\u00f3w<\/title>\n<meta name=\"robots\" content=\"index, follow, max-snippet:-1, max-image-preview:large, max-video-preview:-1\" \/>\n<link rel=\"canonical\" href=\"https:\/\/voytechauto.com\/de\/dienstleistungen\/\" \/>\n<meta property=\"og:locale\" content=\"de_DE\" \/>\n<meta property=\"og:type\" content=\"article\" \/>\n<meta property=\"og:title\" content=\"Dienstleistungen - Transaxle &amp; Classic Porsche Specialist in Krak\u00f3w\" \/>\n<meta property=\"og:description\" content=\"Wir bieten eine vollst\u00e4ndige Wartung f\u00fcr Ihr geliebtes Fahrzeug an. Unsere erfahrenen Techniker k\u00fcmmern sich um den Wechsel aller Fl\u00fcssigkeiten, f\u00fchren gr\u00fcndliche Bremspr\u00fcfungen und -wechsel durch, \u00fcberpr\u00fcfen bei Bedarf die Motorverdichtung und l\u00f6sen professionell alle elektrischen Probleme, die Ihr Fahrzeug haben k\u00f6nnte. Wir gehen \u00fcber die Standards hinaus, um die optimale Leistung und Sicherheit Ihres [&hellip;]\" \/>\n<meta property=\"og:url\" content=\"https:\/\/voytechauto.com\/de\/dienstleistungen\/\" \/>\n<meta property=\"og:site_name\" content=\"Transaxle &amp; Classic Porsche Specialist in Krak\u00f3w\" \/>\n<meta property=\"article:publisher\" content=\"https:\/\/www.facebook.com\/voytech.auto\" \/>\n<meta property=\"article:modified_time\" content=\"2026-04-14T23:26:01+00:00\" \/>\n<meta name=\"twitter:card\" content=\"summary_large_image\" \/>\n<meta name=\"twitter:label1\" content=\"Gesch\u00e4tzte Lesezeit\" \/>\n\t<meta name=\"twitter:data1\" content=\"2\u00a0Minuten\" \/>\n<script type=\"application\/ld+json\" class=\"yoast-schema-graph\">{\"@context\":\"https:\\\/\\\/schema.org\",\"@graph\":[{\"@type\":\"WebPage\",\"@id\":\"https:\\\/\\\/voytechauto.com\\\/de\\\/dienstleistungen\\\/\",\"url\":\"https:\\\/\\\/voytechauto.com\\\/de\\\/dienstleistungen\\\/\",\"name\":\"Dienstleistungen - Transaxle &amp; Classic Porsche Specialist in Krak\u00f3w\",\"isPartOf\":{\"@id\":\"https:\\\/\\\/voytechauto.com\\\/de\\\/#website\"},\"datePublished\":\"2026-01-22T11:58:20+00:00\",\"dateModified\":\"2026-04-14T23:26:01+00:00\",\"breadcrumb\":{\"@id\":\"https:\\\/\\\/voytechauto.com\\\/de\\\/dienstleistungen\\\/#breadcrumb\"},\"inLanguage\":\"de\",\"potentialAction\":[{\"@type\":\"ReadAction\",\"target\":[\"https:\\\/\\\/voytechauto.com\\\/de\\\/dienstleistungen\\\/\"]}]},{\"@type\":\"BreadcrumbList\",\"@id\":\"https:\\\/\\\/voytechauto.com\\\/de\\\/dienstleistungen\\\/#breadcrumb\",\"itemListElement\":[{\"@type\":\"ListItem\",\"position\":1,\"name\":\"Home\",\"item\":\"https:\\\/\\\/voytechauto.com\\\/de\\\/\"},{\"@type\":\"ListItem\",\"position\":2,\"name\":\"Dienstleistungen\"}]},{\"@type\":\"WebSite\",\"@id\":\"https:\\\/\\\/voytechauto.com\\\/de\\\/#website\",\"url\":\"https:\\\/\\\/voytechauto.com\\\/de\\\/\",\"name\":\"Voytech Auto \u2013 Transaxle Porsche & Classic 911 Specialist in Krak\u00f3w\",\"description\":\"\",\"publisher\":{\"@id\":\"https:\\\/\\\/voytechauto.com\\\/de\\\/#organization\"},\"potentialAction\":[{\"@type\":\"SearchAction\",\"target\":{\"@type\":\"EntryPoint\",\"urlTemplate\":\"https:\\\/\\\/voytechauto.com\\\/de\\\/?s={search_term_string}\"},\"query-input\":{\"@type\":\"PropertyValueSpecification\",\"valueRequired\":true,\"valueName\":\"search_term_string\"}}],\"inLanguage\":\"de\"},{\"@type\":\"Organization\",\"@id\":\"https:\\\/\\\/voytechauto.com\\\/de\\\/#organization\",\"name\":\"Voytech Auto \u2013 Transaxle Porsche & Classic 911 Specialist in Krak\u00f3w\",\"url\":\"https:\\\/\\\/voytechauto.com\\\/de\\\/\",\"logo\":{\"@type\":\"ImageObject\",\"inLanguage\":\"de\",\"@id\":\"https:\\\/\\\/voytechauto.com\\\/de\\\/#\\\/schema\\\/logo\\\/image\\\/\",\"url\":\"https:\\\/\\\/voytechauto.com\\\/wp-content\\\/uploads\\\/2025\\\/03\\\/VOYTECH-LOGO-1.png\",\"contentUrl\":\"https:\\\/\\\/voytechauto.com\\\/wp-content\\\/uploads\\\/2025\\\/03\\\/VOYTECH-LOGO-1.png\",\"width\":215,\"height\":28,\"caption\":\"Voytech Auto \u2013 Transaxle Porsche & Classic 911 Specialist in Krak\u00f3w\"},\"image\":{\"@id\":\"https:\\\/\\\/voytechauto.com\\\/de\\\/#\\\/schema\\\/logo\\\/image\\\/\"},\"sameAs\":[\"https:\\\/\\\/www.facebook.com\\\/voytech.auto\",\"https:\\\/\\\/www.instagram.com\\\/voytech_auto\\\/\"]}]}<\/script>\n<!-- \/ Yoast SEO plugin. -->","yoast_head_json":{"title":"Dienstleistungen - Transaxle &amp; Classic Porsche Specialist in Krak\u00f3w","robots":{"index":"index","follow":"follow","max-snippet":"max-snippet:-1","max-image-preview":"max-image-preview:large","max-video-preview":"max-video-preview:-1"},"canonical":"https:\/\/voytechauto.com\/de\/dienstleistungen\/","og_locale":"de_DE","og_type":"article","og_title":"Dienstleistungen - Transaxle &amp; Classic Porsche Specialist in Krak\u00f3w","og_description":"Wir bieten eine vollst\u00e4ndige Wartung f\u00fcr Ihr geliebtes Fahrzeug an. Unsere erfahrenen Techniker k\u00fcmmern sich um den Wechsel aller Fl\u00fcssigkeiten, f\u00fchren gr\u00fcndliche Bremspr\u00fcfungen und -wechsel durch, \u00fcberpr\u00fcfen bei Bedarf die Motorverdichtung und l\u00f6sen professionell alle elektrischen Probleme, die Ihr Fahrzeug haben k\u00f6nnte. Wir gehen \u00fcber die Standards hinaus, um die optimale Leistung und Sicherheit Ihres [&hellip;]","og_url":"https:\/\/voytechauto.com\/de\/dienstleistungen\/","og_site_name":"Transaxle &amp; Classic Porsche Specialist in Krak\u00f3w","article_publisher":"https:\/\/www.facebook.com\/voytech.auto","article_modified_time":"2026-04-14T23:26:01+00:00","twitter_card":"summary_large_image","twitter_misc":{"Gesch\u00e4tzte Lesezeit":"2\u00a0Minuten"},"schema":{"@context":"https:\/\/schema.org","@graph":[{"@type":"WebPage","@id":"https:\/\/voytechauto.com\/de\/dienstleistungen\/","url":"https:\/\/voytechauto.com\/de\/dienstleistungen\/","name":"Dienstleistungen - Transaxle &amp; Classic Porsche Specialist in Krak\u00f3w","isPartOf":{"@id":"https:\/\/voytechauto.com\/de\/#website"},"datePublished":"2026-01-22T11:58:20+00:00","dateModified":"2026-04-14T23:26:01+00:00","breadcrumb":{"@id":"https:\/\/voytechauto.com\/de\/dienstleistungen\/#breadcrumb"},"inLanguage":"de","potentialAction":[{"@type":"ReadAction","target":["https:\/\/voytechauto.com\/de\/dienstleistungen\/"]}]},{"@type":"BreadcrumbList","@id":"https:\/\/voytechauto.com\/de\/dienstleistungen\/#breadcrumb","itemListElement":[{"@type":"ListItem","position":1,"name":"Home","item":"https:\/\/voytechauto.com\/de\/"},{"@type":"ListItem","position":2,"name":"Dienstleistungen"}]},{"@type":"WebSite","@id":"https:\/\/voytechauto.com\/de\/#website","url":"https:\/\/voytechauto.com\/de\/","name":"Voytech Auto \u2013 Transaxle Porsche & Classic 911 Specialist in Krak\u00f3w","description":"","publisher":{"@id":"https:\/\/voytechauto.com\/de\/#organization"},"potentialAction":[{"@type":"SearchAction","target":{"@type":"EntryPoint","urlTemplate":"https:\/\/voytechauto.com\/de\/?s={search_term_string}"},"query-input":{"@type":"PropertyValueSpecification","valueRequired":true,"valueName":"search_term_string"}}],"inLanguage":"de"},{"@type":"Organization","@id":"https:\/\/voytechauto.com\/de\/#organization","name":"Voytech Auto \u2013 Transaxle Porsche & Classic 911 Specialist in Krak\u00f3w","url":"https:\/\/voytechauto.com\/de\/","logo":{"@type":"ImageObject","inLanguage":"de","@id":"https:\/\/voytechauto.com\/de\/#\/schema\/logo\/image\/","url":"https:\/\/voytechauto.com\/wp-content\/uploads\/2025\/03\/VOYTECH-LOGO-1.png","contentUrl":"https:\/\/voytechauto.com\/wp-content\/uploads\/2025\/03\/VOYTECH-LOGO-1.png","width":215,"height":28,"caption":"Voytech Auto \u2013 Transaxle Porsche & Classic 911 Specialist in Krak\u00f3w"},"image":{"@id":"https:\/\/voytechauto.com\/de\/#\/schema\/logo\/image\/"},"sameAs":["https:\/\/www.facebook.com\/voytech.auto","https:\/\/www.instagram.com\/voytech_auto\/"]}]}},"_links":{"self":[{"href":"https:\/\/voytechauto.com\/de\/wp-json\/wp\/v2\/pages\/2238","targetHints":{"allow":["GET"]}}],"collection":[{"href":"https:\/\/voytechauto.com\/de\/wp-json\/wp\/v2\/pages"}],"about":[{"href":"https:\/\/voytechauto.com\/de\/wp-json\/wp\/v2\/types\/page"}],"author":[{"embeddable":true,"href":"https:\/\/voytechauto.com\/de\/wp-json\/wp\/v2\/users\/1"}],"replies":[{"embeddable":true,"href":"https:\/\/voytechauto.com\/de\/wp-json\/wp\/v2\/comments?post=2238"}],"version-history":[{"count":2,"href":"https:\/\/voytechauto.com\/de\/wp-json\/wp\/v2\/pages\/2238\/revisions"}],"predecessor-version":[{"id":2241,"href":"https:\/\/voytechauto.com\/de\/wp-json\/wp\/v2\/pages\/2238\/revisions\/2241"}],"wp:attachment":[{"href":"https:\/\/voytechauto.com\/de\/wp-json\/wp\/v2\/media?parent=2238"}],"curies":[{"name":"wp","href":"https:\/\/api.w.org\/{rel}","templated":true}]}}