{"id":2291,"date":"2026-01-22T12:57:45","date_gmt":"2026-01-22T11:57:45","guid":{"rendered":"https:\/\/voytechauto.com\/ueber-uns\/"},"modified":"2026-04-15T01:43:13","modified_gmt":"2026-04-14T23:43:13","slug":"ueber-uns","status":"publish","type":"page","link":"https:\/\/voytechauto.com\/de\/ueber-uns\/","title":{"rendered":"\u00dcber uns"},"content":{"rendered":"\n<p>Unser im sch\u00f6nen Krakau, Polen, ans\u00e4ssiger Kfz-Betrieb ist auf alle Transaxle- und klassischen 911er Porsche Modelle spezialisiert. Mit unserer jahrzehntelangen Erfahrung und unserem Fachwissen bieten wir hochwertige Dienstleistungen wie vollst\u00e4ndige Motorrestaurierung, Teilefertigung und Leistungsoptimierung an. Ob Sie eine komplette \u00dcberholung ben\u00f6tigen oder die Leistung Ihres Porsches steigern m\u00f6chten, wir sind die Spezialisten, denen Sie vertrauen k\u00f6nnen. W\u00e4hlen Sie unseren Betrieb f\u00fcr erstklassigen Service und Liebe zum Detail.<\/p>\n\n<p><\/p>\n","protected":false},"excerpt":{"rendered":"<p>Unser im sch\u00f6nen Krakau, Polen, ans\u00e4ssiger Kfz-Betrieb ist auf alle Transaxle- und klassischen 911er Porsche Modelle spezialisiert. Mit unserer jahrzehntelangen Erfahrung und unserem Fachwissen bieten wir hochwertige Dienstleistungen wie vollst\u00e4ndige Motorrestaurierung, Teilefertigung und Leistungsoptimierung an. Ob Sie eine komplette \u00dcberholung ben\u00f6tigen oder die Leistung Ihres Porsches steigern m\u00f6chten, wir sind die Spezialisten, denen Sie vertrauen [&hellip;]<\/p>\n","protected":false},"author":1,"featured_media":0,"parent":0,"menu_order":0,"comment_status":"closed","ping_status":"closed","template":"","meta":{"footnotes":""},"class_list":["post-2291","page","type-page","status-publish","hentry"],"yoast_head":"<!-- This site is optimized with the Yoast SEO plugin v27.3 - https:\/\/yoast.com\/product\/yoast-seo-wordpress\/ -->\n<title>\u00dcber uns - Transaxle &amp; Classic Porsche Specialist in Krak\u00f3w<\/title>\n<meta name=\"robots\" content=\"index, follow, max-snippet:-1, max-image-preview:large, max-video-preview:-1\" \/>\n<link rel=\"canonical\" href=\"https:\/\/voytechauto.com\/de\/ueber-uns\/\" \/>\n<meta property=\"og:locale\" content=\"de_DE\" \/>\n<meta property=\"og:type\" content=\"article\" \/>\n<meta property=\"og:title\" content=\"\u00dcber uns - Transaxle &amp; Classic Porsche Specialist in Krak\u00f3w\" \/>\n<meta property=\"og:description\" content=\"Unser im sch\u00f6nen Krakau, Polen, ans\u00e4ssiger Kfz-Betrieb ist auf alle Transaxle- und klassischen 911er Porsche Modelle spezialisiert. Mit unserer jahrzehntelangen Erfahrung und unserem Fachwissen bieten wir hochwertige Dienstleistungen wie vollst\u00e4ndige Motorrestaurierung, Teilefertigung und Leistungsoptimierung an. Ob Sie eine komplette \u00dcberholung ben\u00f6tigen oder die Leistung Ihres Porsches steigern m\u00f6chten, wir sind die Spezialisten, denen Sie vertrauen [&hellip;]\" \/>\n<meta property=\"og:url\" content=\"https:\/\/voytechauto.com\/de\/ueber-uns\/\" \/>\n<meta property=\"og:site_name\" content=\"Transaxle &amp; Classic Porsche Specialist in Krak\u00f3w\" \/>\n<meta property=\"article:publisher\" content=\"https:\/\/www.facebook.com\/voytech.auto\" \/>\n<meta property=\"article:modified_time\" content=\"2026-04-14T23:43:13+00:00\" \/>\n<meta name=\"twitter:card\" content=\"summary_large_image\" \/>\n<script type=\"application\/ld+json\" class=\"yoast-schema-graph\">{\"@context\":\"https:\\\/\\\/schema.org\",\"@graph\":[{\"@type\":\"WebPage\",\"@id\":\"https:\\\/\\\/voytechauto.com\\\/de\\\/ueber-uns\\\/\",\"url\":\"https:\\\/\\\/voytechauto.com\\\/de\\\/ueber-uns\\\/\",\"name\":\"\u00dcber uns - Transaxle &amp; Classic Porsche Specialist in Krak\u00f3w\",\"isPartOf\":{\"@id\":\"https:\\\/\\\/voytechauto.com\\\/de\\\/#website\"},\"datePublished\":\"2026-01-22T11:57:45+00:00\",\"dateModified\":\"2026-04-14T23:43:13+00:00\",\"breadcrumb\":{\"@id\":\"https:\\\/\\\/voytechauto.com\\\/de\\\/ueber-uns\\\/#breadcrumb\"},\"inLanguage\":\"de\",\"potentialAction\":[{\"@type\":\"ReadAction\",\"target\":[\"https:\\\/\\\/voytechauto.com\\\/de\\\/ueber-uns\\\/\"]}]},{\"@type\":\"BreadcrumbList\",\"@id\":\"https:\\\/\\\/voytechauto.com\\\/de\\\/ueber-uns\\\/#breadcrumb\",\"itemListElement\":[{\"@type\":\"ListItem\",\"position\":1,\"name\":\"Home\",\"item\":\"https:\\\/\\\/voytechauto.com\\\/de\\\/\"},{\"@type\":\"ListItem\",\"position\":2,\"name\":\"\u00dcber uns\"}]},{\"@type\":\"WebSite\",\"@id\":\"https:\\\/\\\/voytechauto.com\\\/de\\\/#website\",\"url\":\"https:\\\/\\\/voytechauto.com\\\/de\\\/\",\"name\":\"Voytech Auto \u2013 Transaxle Porsche & Classic 911 Specialist in Krak\u00f3w\",\"description\":\"\",\"publisher\":{\"@id\":\"https:\\\/\\\/voytechauto.com\\\/de\\\/#organization\"},\"potentialAction\":[{\"@type\":\"SearchAction\",\"target\":{\"@type\":\"EntryPoint\",\"urlTemplate\":\"https:\\\/\\\/voytechauto.com\\\/de\\\/?s={search_term_string}\"},\"query-input\":{\"@type\":\"PropertyValueSpecification\",\"valueRequired\":true,\"valueName\":\"search_term_string\"}}],\"inLanguage\":\"de\"},{\"@type\":\"Organization\",\"@id\":\"https:\\\/\\\/voytechauto.com\\\/de\\\/#organization\",\"name\":\"Voytech Auto \u2013 Transaxle Porsche & Classic 911 Specialist in Krak\u00f3w\",\"url\":\"https:\\\/\\\/voytechauto.com\\\/de\\\/\",\"logo\":{\"@type\":\"ImageObject\",\"inLanguage\":\"de\",\"@id\":\"https:\\\/\\\/voytechauto.com\\\/de\\\/#\\\/schema\\\/logo\\\/image\\\/\",\"url\":\"https:\\\/\\\/voytechauto.com\\\/wp-content\\\/uploads\\\/2025\\\/03\\\/VOYTECH-LOGO-1.png\",\"contentUrl\":\"https:\\\/\\\/voytechauto.com\\\/wp-content\\\/uploads\\\/2025\\\/03\\\/VOYTECH-LOGO-1.png\",\"width\":215,\"height\":28,\"caption\":\"Voytech Auto \u2013 Transaxle Porsche & Classic 911 Specialist in Krak\u00f3w\"},\"image\":{\"@id\":\"https:\\\/\\\/voytechauto.com\\\/de\\\/#\\\/schema\\\/logo\\\/image\\\/\"},\"sameAs\":[\"https:\\\/\\\/www.facebook.com\\\/voytech.auto\",\"https:\\\/\\\/www.instagram.com\\\/voytech_auto\\\/\"]}]}<\/script>\n<!-- \/ Yoast SEO plugin. -->","yoast_head_json":{"title":"\u00dcber uns - Transaxle &amp; Classic Porsche Specialist in Krak\u00f3w","robots":{"index":"index","follow":"follow","max-snippet":"max-snippet:-1","max-image-preview":"max-image-preview:large","max-video-preview":"max-video-preview:-1"},"canonical":"https:\/\/voytechauto.com\/de\/ueber-uns\/","og_locale":"de_DE","og_type":"article","og_title":"\u00dcber uns - Transaxle &amp; Classic Porsche Specialist in Krak\u00f3w","og_description":"Unser im sch\u00f6nen Krakau, Polen, ans\u00e4ssiger Kfz-Betrieb ist auf alle Transaxle- und klassischen 911er Porsche Modelle spezialisiert. Mit unserer jahrzehntelangen Erfahrung und unserem Fachwissen bieten wir hochwertige Dienstleistungen wie vollst\u00e4ndige Motorrestaurierung, Teilefertigung und Leistungsoptimierung an. Ob Sie eine komplette \u00dcberholung ben\u00f6tigen oder die Leistung Ihres Porsches steigern m\u00f6chten, wir sind die Spezialisten, denen Sie vertrauen [&hellip;]","og_url":"https:\/\/voytechauto.com\/de\/ueber-uns\/","og_site_name":"Transaxle &amp; Classic Porsche Specialist in Krak\u00f3w","article_publisher":"https:\/\/www.facebook.com\/voytech.auto","article_modified_time":"2026-04-14T23:43:13+00:00","twitter_card":"summary_large_image","schema":{"@context":"https:\/\/schema.org","@graph":[{"@type":"WebPage","@id":"https:\/\/voytechauto.com\/de\/ueber-uns\/","url":"https:\/\/voytechauto.com\/de\/ueber-uns\/","name":"\u00dcber uns - Transaxle &amp; Classic Porsche Specialist in Krak\u00f3w","isPartOf":{"@id":"https:\/\/voytechauto.com\/de\/#website"},"datePublished":"2026-01-22T11:57:45+00:00","dateModified":"2026-04-14T23:43:13+00:00","breadcrumb":{"@id":"https:\/\/voytechauto.com\/de\/ueber-uns\/#breadcrumb"},"inLanguage":"de","potentialAction":[{"@type":"ReadAction","target":["https:\/\/voytechauto.com\/de\/ueber-uns\/"]}]},{"@type":"BreadcrumbList","@id":"https:\/\/voytechauto.com\/de\/ueber-uns\/#breadcrumb","itemListElement":[{"@type":"ListItem","position":1,"name":"Home","item":"https:\/\/voytechauto.com\/de\/"},{"@type":"ListItem","position":2,"name":"\u00dcber uns"}]},{"@type":"WebSite","@id":"https:\/\/voytechauto.com\/de\/#website","url":"https:\/\/voytechauto.com\/de\/","name":"Voytech Auto \u2013 Transaxle Porsche & Classic 911 Specialist in Krak\u00f3w","description":"","publisher":{"@id":"https:\/\/voytechauto.com\/de\/#organization"},"potentialAction":[{"@type":"SearchAction","target":{"@type":"EntryPoint","urlTemplate":"https:\/\/voytechauto.com\/de\/?s={search_term_string}"},"query-input":{"@type":"PropertyValueSpecification","valueRequired":true,"valueName":"search_term_string"}}],"inLanguage":"de"},{"@type":"Organization","@id":"https:\/\/voytechauto.com\/de\/#organization","name":"Voytech Auto \u2013 Transaxle Porsche & Classic 911 Specialist in Krak\u00f3w","url":"https:\/\/voytechauto.com\/de\/","logo":{"@type":"ImageObject","inLanguage":"de","@id":"https:\/\/voytechauto.com\/de\/#\/schema\/logo\/image\/","url":"https:\/\/voytechauto.com\/wp-content\/uploads\/2025\/03\/VOYTECH-LOGO-1.png","contentUrl":"https:\/\/voytechauto.com\/wp-content\/uploads\/2025\/03\/VOYTECH-LOGO-1.png","width":215,"height":28,"caption":"Voytech Auto \u2013 Transaxle Porsche & Classic 911 Specialist in Krak\u00f3w"},"image":{"@id":"https:\/\/voytechauto.com\/de\/#\/schema\/logo\/image\/"},"sameAs":["https:\/\/www.facebook.com\/voytech.auto","https:\/\/www.instagram.com\/voytech_auto\/"]}]}},"_links":{"self":[{"href":"https:\/\/voytechauto.com\/de\/wp-json\/wp\/v2\/pages\/2291","targetHints":{"allow":["GET"]}}],"collection":[{"href":"https:\/\/voytechauto.com\/de\/wp-json\/wp\/v2\/pages"}],"about":[{"href":"https:\/\/voytechauto.com\/de\/wp-json\/wp\/v2\/types\/page"}],"author":[{"embeddable":true,"href":"https:\/\/voytechauto.com\/de\/wp-json\/wp\/v2\/users\/1"}],"replies":[{"embeddable":true,"href":"https:\/\/voytechauto.com\/de\/wp-json\/wp\/v2\/comments?post=2291"}],"version-history":[{"count":1,"href":"https:\/\/voytechauto.com\/de\/wp-json\/wp\/v2\/pages\/2291\/revisions"}],"predecessor-version":[{"id":2295,"href":"https:\/\/voytechauto.com\/de\/wp-json\/wp\/v2\/pages\/2291\/revisions\/2295"}],"wp:attachment":[{"href":"https:\/\/voytechauto.com\/de\/wp-json\/wp\/v2\/media?parent=2291"}],"curies":[{"name":"wp","href":"https:\/\/api.w.org\/{rel}","templated":true}]}}