{"id":2420,"date":"2026-04-24T13:34:33","date_gmt":"2026-04-24T11:34:33","guid":{"rendered":"https:\/\/voytechauto.com\/product\/porsche-924-porsche-944-wischergestaenge-wischermotor-mechanik-477955041b-schneller\/"},"modified":"2026-04-28T07:51:16","modified_gmt":"2026-04-28T05:51:16","slug":"porsche-924-porsche-944-wischergestaenge-wischermotor-mechanik-477955041b-schneller","status":"publish","type":"product","link":"https:\/\/voytechauto.com\/de\/produkt\/porsche-924-porsche-944-wischergestaenge-wischermotor-mechanik-477955041b-schneller\/","title":{"rendered":"Porsche: 924, 944, Wischergest\u00e4nge\/Wischermotor-Mechanik 477955041B SCHNELLER"},"content":{"rendered":"<p>Zum Verkauf steht ein vollst\u00e4ndig \u00fcberholtes Wischergest\u00e4nge inklusive Hochgeschwindigkeitsmotor f\u00fcr Porsche 924 und 944 Modelle der ersten Generation.<\/p>\n<p>Als auf klassische Porsche spezialisierte Werkstatt legen wir besonderen Fokus darauf, originale Werksm\u00e4ngel zu verbessern. Wir haben das Gest\u00e4nge nicht nur erhalten, sondern die Wischgeschwindigkeit auch effizient erh\u00f6ht, um das Fahren bei Regen sicherer und praktischer zu machen. Wer bei starkem Regen mit der Originalausf\u00fchrung gefahren ist, versteht, dass diese Modifikation die definitive L\u00f6sung ist.<\/p>\n<p>Selbstverst\u00e4ndlich ist unsere Modifikation f\u00fcr eine einfache Plug-and-Play-Montage ausgelegt.<\/p>\n<p>Wir sind von unserer Arbeit so \u00fcberzeugt, dass wir eine einj\u00e4hrige Garantie geben.<\/p>\n","protected":false},"excerpt":{"rendered":"<p>Zum Verkauf steht ein vollst\u00e4ndig \u00fcberholtes Wischergest\u00e4nge inklusive Hochgeschwindigkeitsmotor f\u00fcr Porsche 924 und 944 Modelle der ersten Generation. Als auf klassische Porsche spezialisierte Werkstatt legen wir besonderen Fokus darauf, originale Werksm\u00e4ngel zu verbessern. Wir haben das Gest\u00e4nge nicht nur erhalten, sondern die Wischgeschwindigkeit auch effizient erh\u00f6ht, um das Fahren bei Regen sicherer und praktischer zu [&hellip;]<\/p>\n","protected":false},"featured_media":2471,"template":"","meta":{"_stock_pool":"Voytech"},"product_brand":[],"product_cat":[162],"product_tag":[149,163],"class_list":{"0":"post-2420","1":"product","2":"type-product","3":"status-publish","4":"has-post-thumbnail","6":"product_cat-elektrische-ausrustung","7":"product_tag-porsche-924","8":"product_tag-porsche-944","10":"first","11":"instock","12":"taxable","13":"shipping-taxable","14":"purchasable","15":"product-type-simple"},"yoast_head":"<!-- This site is optimized with the Yoast SEO plugin v27.3 - https:\/\/yoast.com\/product\/yoast-seo-wordpress\/ -->\n<title>Porsche: 924, 944, Wischergest\u00e4nge\/Wischermotor-Mechanik 477955041B SCHNELLER - Transaxle &amp; Classic Porsche Specialist in Krak\u00f3w<\/title>\n<meta name=\"robots\" content=\"index, follow, max-snippet:-1, max-image-preview:large, max-video-preview:-1\" \/>\n<link rel=\"canonical\" href=\"https:\/\/voytechauto.com\/de\/produkt\/porsche-924-porsche-944-wischergestaenge-wischermotor-mechanik-477955041b-schneller\/\" \/>\n<meta property=\"og:locale\" content=\"de_DE\" \/>\n<meta property=\"og:type\" content=\"article\" \/>\n<meta property=\"og:title\" content=\"Porsche: 924, 944, Wischergest\u00e4nge\/Wischermotor-Mechanik 477955041B SCHNELLER - Transaxle &amp; Classic Porsche Specialist in Krak\u00f3w\" \/>\n<meta property=\"og:description\" content=\"Zum Verkauf steht ein vollst\u00e4ndig \u00fcberholtes Wischergest\u00e4nge inklusive Hochgeschwindigkeitsmotor f\u00fcr Porsche 924 und 944 Modelle der ersten Generation. Als auf klassische Porsche spezialisierte Werkstatt legen wir besonderen Fokus darauf, originale Werksm\u00e4ngel zu verbessern. Wir haben das Gest\u00e4nge nicht nur erhalten, sondern die Wischgeschwindigkeit auch effizient erh\u00f6ht, um das Fahren bei Regen sicherer und praktischer zu [&hellip;]\" \/>\n<meta property=\"og:url\" content=\"https:\/\/voytechauto.com\/de\/produkt\/porsche-924-porsche-944-wischergestaenge-wischermotor-mechanik-477955041b-schneller\/\" \/>\n<meta property=\"og:site_name\" content=\"Transaxle &amp; Classic Porsche Specialist in Krak\u00f3w\" \/>\n<meta property=\"article:publisher\" content=\"https:\/\/www.facebook.com\/voytech.auto\" \/>\n<meta property=\"article:modified_time\" content=\"2026-04-28T05:51:16+00:00\" \/>\n<meta property=\"og:image\" content=\"https:\/\/voytechauto.com\/wp-content\/uploads\/2026\/04\/1.png\" \/>\n\t<meta property=\"og:image:width\" content=\"512\" \/>\n\t<meta property=\"og:image:height\" content=\"440\" \/>\n\t<meta property=\"og:image:type\" content=\"image\/png\" \/>\n<meta name=\"twitter:card\" content=\"summary_large_image\" \/>\n<meta name=\"twitter:label1\" content=\"Gesch\u00e4tzte Lesezeit\" \/>\n\t<meta name=\"twitter:data1\" content=\"1\u00a0Minute\" \/>\n<script type=\"application\/ld+json\" class=\"yoast-schema-graph\">{\"@context\":\"https:\\\/\\\/schema.org\",\"@graph\":[{\"@type\":\"WebPage\",\"@id\":\"https:\\\/\\\/voytechauto.com\\\/de\\\/produkt\\\/porsche-924-porsche-944-wischergestaenge-wischermotor-mechanik-477955041b-schneller\\\/\",\"url\":\"https:\\\/\\\/voytechauto.com\\\/de\\\/produkt\\\/porsche-924-porsche-944-wischergestaenge-wischermotor-mechanik-477955041b-schneller\\\/\",\"name\":\"Porsche: 924, 944, Wischergest\u00e4nge\\\/Wischermotor-Mechanik 477955041B SCHNELLER - Transaxle &amp; Classic Porsche Specialist in Krak\u00f3w\",\"isPartOf\":{\"@id\":\"https:\\\/\\\/voytechauto.com\\\/de\\\/#website\"},\"primaryImageOfPage\":{\"@id\":\"https:\\\/\\\/voytechauto.com\\\/de\\\/produkt\\\/porsche-924-porsche-944-wischergestaenge-wischermotor-mechanik-477955041b-schneller\\\/#primaryimage\"},\"image\":{\"@id\":\"https:\\\/\\\/voytechauto.com\\\/de\\\/produkt\\\/porsche-924-porsche-944-wischergestaenge-wischermotor-mechanik-477955041b-schneller\\\/#primaryimage\"},\"thumbnailUrl\":\"https:\\\/\\\/voytechauto.com\\\/wp-content\\\/uploads\\\/2026\\\/04\\\/1.png\",\"datePublished\":\"2026-04-24T11:34:33+00:00\",\"dateModified\":\"2026-04-28T05:51:16+00:00\",\"breadcrumb\":{\"@id\":\"https:\\\/\\\/voytechauto.com\\\/de\\\/produkt\\\/porsche-924-porsche-944-wischergestaenge-wischermotor-mechanik-477955041b-schneller\\\/#breadcrumb\"},\"inLanguage\":\"de\",\"potentialAction\":[{\"@type\":\"ReadAction\",\"target\":[\"https:\\\/\\\/voytechauto.com\\\/de\\\/produkt\\\/porsche-924-porsche-944-wischergestaenge-wischermotor-mechanik-477955041b-schneller\\\/\"]}]},{\"@type\":\"ImageObject\",\"inLanguage\":\"de\",\"@id\":\"https:\\\/\\\/voytechauto.com\\\/de\\\/produkt\\\/porsche-924-porsche-944-wischergestaenge-wischermotor-mechanik-477955041b-schneller\\\/#primaryimage\",\"url\":\"https:\\\/\\\/voytechauto.com\\\/wp-content\\\/uploads\\\/2026\\\/04\\\/1.png\",\"contentUrl\":\"https:\\\/\\\/voytechauto.com\\\/wp-content\\\/uploads\\\/2026\\\/04\\\/1.png\",\"width\":512,\"height\":440},{\"@type\":\"BreadcrumbList\",\"@id\":\"https:\\\/\\\/voytechauto.com\\\/de\\\/produkt\\\/porsche-924-porsche-944-wischergestaenge-wischermotor-mechanik-477955041b-schneller\\\/#breadcrumb\",\"itemListElement\":[{\"@type\":\"ListItem\",\"position\":1,\"name\":\"Home\",\"item\":\"https:\\\/\\\/voytechauto.com\\\/de\\\/\"},{\"@type\":\"ListItem\",\"position\":2,\"name\":\"Shop\",\"item\":\"https:\\\/\\\/voytechauto.com\\\/de\\\/shop\\\/\"},{\"@type\":\"ListItem\",\"position\":3,\"name\":\"Porsche: 924, 944, Wischergest\u00e4nge\\\/Wischermotor-Mechanik 477955041B SCHNELLER\"}]},{\"@type\":\"WebSite\",\"@id\":\"https:\\\/\\\/voytechauto.com\\\/de\\\/#website\",\"url\":\"https:\\\/\\\/voytechauto.com\\\/de\\\/\",\"name\":\"Voytech Auto \u2013 Transaxle Porsche & Classic 911 Specialist in Krak\u00f3w\",\"description\":\"\",\"publisher\":{\"@id\":\"https:\\\/\\\/voytechauto.com\\\/de\\\/#organization\"},\"potentialAction\":[{\"@type\":\"SearchAction\",\"target\":{\"@type\":\"EntryPoint\",\"urlTemplate\":\"https:\\\/\\\/voytechauto.com\\\/de\\\/?s={search_term_string}\"},\"query-input\":{\"@type\":\"PropertyValueSpecification\",\"valueRequired\":true,\"valueName\":\"search_term_string\"}}],\"inLanguage\":\"de\"},{\"@type\":\"Organization\",\"@id\":\"https:\\\/\\\/voytechauto.com\\\/de\\\/#organization\",\"name\":\"Voytech Auto \u2013 Transaxle Porsche & Classic 911 Specialist in Krak\u00f3w\",\"url\":\"https:\\\/\\\/voytechauto.com\\\/de\\\/\",\"logo\":{\"@type\":\"ImageObject\",\"inLanguage\":\"de\",\"@id\":\"https:\\\/\\\/voytechauto.com\\\/de\\\/#\\\/schema\\\/logo\\\/image\\\/\",\"url\":\"https:\\\/\\\/voytechauto.com\\\/wp-content\\\/uploads\\\/2025\\\/03\\\/VOYTECH-LOGO-1.png\",\"contentUrl\":\"https:\\\/\\\/voytechauto.com\\\/wp-content\\\/uploads\\\/2025\\\/03\\\/VOYTECH-LOGO-1.png\",\"width\":215,\"height\":28,\"caption\":\"Voytech Auto \u2013 Transaxle Porsche & Classic 911 Specialist in Krak\u00f3w\"},\"image\":{\"@id\":\"https:\\\/\\\/voytechauto.com\\\/de\\\/#\\\/schema\\\/logo\\\/image\\\/\"},\"sameAs\":[\"https:\\\/\\\/www.facebook.com\\\/voytech.auto\",\"https:\\\/\\\/www.instagram.com\\\/voytech_auto\\\/\"]}]}<\/script>\n<!-- \/ Yoast SEO plugin. -->","yoast_head_json":{"title":"Porsche: 924, 944, Wischergest\u00e4nge\/Wischermotor-Mechanik 477955041B SCHNELLER - Transaxle &amp; Classic Porsche Specialist in Krak\u00f3w","robots":{"index":"index","follow":"follow","max-snippet":"max-snippet:-1","max-image-preview":"max-image-preview:large","max-video-preview":"max-video-preview:-1"},"canonical":"https:\/\/voytechauto.com\/de\/produkt\/porsche-924-porsche-944-wischergestaenge-wischermotor-mechanik-477955041b-schneller\/","og_locale":"de_DE","og_type":"article","og_title":"Porsche: 924, 944, Wischergest\u00e4nge\/Wischermotor-Mechanik 477955041B SCHNELLER - Transaxle &amp; Classic Porsche Specialist in Krak\u00f3w","og_description":"Zum Verkauf steht ein vollst\u00e4ndig \u00fcberholtes Wischergest\u00e4nge inklusive Hochgeschwindigkeitsmotor f\u00fcr Porsche 924 und 944 Modelle der ersten Generation. Als auf klassische Porsche spezialisierte Werkstatt legen wir besonderen Fokus darauf, originale Werksm\u00e4ngel zu verbessern. Wir haben das Gest\u00e4nge nicht nur erhalten, sondern die Wischgeschwindigkeit auch effizient erh\u00f6ht, um das Fahren bei Regen sicherer und praktischer zu [&hellip;]","og_url":"https:\/\/voytechauto.com\/de\/produkt\/porsche-924-porsche-944-wischergestaenge-wischermotor-mechanik-477955041b-schneller\/","og_site_name":"Transaxle &amp; Classic Porsche Specialist in Krak\u00f3w","article_publisher":"https:\/\/www.facebook.com\/voytech.auto","article_modified_time":"2026-04-28T05:51:16+00:00","og_image":[{"width":512,"height":440,"url":"https:\/\/voytechauto.com\/wp-content\/uploads\/2026\/04\/1.png","type":"image\/png"}],"twitter_card":"summary_large_image","twitter_misc":{"Gesch\u00e4tzte Lesezeit":"1\u00a0Minute"},"schema":{"@context":"https:\/\/schema.org","@graph":[{"@type":"WebPage","@id":"https:\/\/voytechauto.com\/de\/produkt\/porsche-924-porsche-944-wischergestaenge-wischermotor-mechanik-477955041b-schneller\/","url":"https:\/\/voytechauto.com\/de\/produkt\/porsche-924-porsche-944-wischergestaenge-wischermotor-mechanik-477955041b-schneller\/","name":"Porsche: 924, 944, Wischergest\u00e4nge\/Wischermotor-Mechanik 477955041B SCHNELLER - Transaxle &amp; Classic Porsche Specialist in Krak\u00f3w","isPartOf":{"@id":"https:\/\/voytechauto.com\/de\/#website"},"primaryImageOfPage":{"@id":"https:\/\/voytechauto.com\/de\/produkt\/porsche-924-porsche-944-wischergestaenge-wischermotor-mechanik-477955041b-schneller\/#primaryimage"},"image":{"@id":"https:\/\/voytechauto.com\/de\/produkt\/porsche-924-porsche-944-wischergestaenge-wischermotor-mechanik-477955041b-schneller\/#primaryimage"},"thumbnailUrl":"https:\/\/voytechauto.com\/wp-content\/uploads\/2026\/04\/1.png","datePublished":"2026-04-24T11:34:33+00:00","dateModified":"2026-04-28T05:51:16+00:00","breadcrumb":{"@id":"https:\/\/voytechauto.com\/de\/produkt\/porsche-924-porsche-944-wischergestaenge-wischermotor-mechanik-477955041b-schneller\/#breadcrumb"},"inLanguage":"de","potentialAction":[{"@type":"ReadAction","target":["https:\/\/voytechauto.com\/de\/produkt\/porsche-924-porsche-944-wischergestaenge-wischermotor-mechanik-477955041b-schneller\/"]}]},{"@type":"ImageObject","inLanguage":"de","@id":"https:\/\/voytechauto.com\/de\/produkt\/porsche-924-porsche-944-wischergestaenge-wischermotor-mechanik-477955041b-schneller\/#primaryimage","url":"https:\/\/voytechauto.com\/wp-content\/uploads\/2026\/04\/1.png","contentUrl":"https:\/\/voytechauto.com\/wp-content\/uploads\/2026\/04\/1.png","width":512,"height":440},{"@type":"BreadcrumbList","@id":"https:\/\/voytechauto.com\/de\/produkt\/porsche-924-porsche-944-wischergestaenge-wischermotor-mechanik-477955041b-schneller\/#breadcrumb","itemListElement":[{"@type":"ListItem","position":1,"name":"Home","item":"https:\/\/voytechauto.com\/de\/"},{"@type":"ListItem","position":2,"name":"Shop","item":"https:\/\/voytechauto.com\/de\/shop\/"},{"@type":"ListItem","position":3,"name":"Porsche: 924, 944, Wischergest\u00e4nge\/Wischermotor-Mechanik 477955041B SCHNELLER"}]},{"@type":"WebSite","@id":"https:\/\/voytechauto.com\/de\/#website","url":"https:\/\/voytechauto.com\/de\/","name":"Voytech Auto \u2013 Transaxle Porsche & Classic 911 Specialist in Krak\u00f3w","description":"","publisher":{"@id":"https:\/\/voytechauto.com\/de\/#organization"},"potentialAction":[{"@type":"SearchAction","target":{"@type":"EntryPoint","urlTemplate":"https:\/\/voytechauto.com\/de\/?s={search_term_string}"},"query-input":{"@type":"PropertyValueSpecification","valueRequired":true,"valueName":"search_term_string"}}],"inLanguage":"de"},{"@type":"Organization","@id":"https:\/\/voytechauto.com\/de\/#organization","name":"Voytech Auto \u2013 Transaxle Porsche & Classic 911 Specialist in Krak\u00f3w","url":"https:\/\/voytechauto.com\/de\/","logo":{"@type":"ImageObject","inLanguage":"de","@id":"https:\/\/voytechauto.com\/de\/#\/schema\/logo\/image\/","url":"https:\/\/voytechauto.com\/wp-content\/uploads\/2025\/03\/VOYTECH-LOGO-1.png","contentUrl":"https:\/\/voytechauto.com\/wp-content\/uploads\/2025\/03\/VOYTECH-LOGO-1.png","width":215,"height":28,"caption":"Voytech Auto \u2013 Transaxle Porsche & Classic 911 Specialist in Krak\u00f3w"},"image":{"@id":"https:\/\/voytechauto.com\/de\/#\/schema\/logo\/image\/"},"sameAs":["https:\/\/www.facebook.com\/voytech.auto","https:\/\/www.instagram.com\/voytech_auto\/"]}]}},"_links":{"self":[{"href":"https:\/\/voytechauto.com\/de\/wp-json\/wp\/v2\/product\/2420","targetHints":{"allow":["GET"]}}],"collection":[{"href":"https:\/\/voytechauto.com\/de\/wp-json\/wp\/v2\/product"}],"about":[{"href":"https:\/\/voytechauto.com\/de\/wp-json\/wp\/v2\/types\/product"}],"wp:featuredmedia":[{"embeddable":true,"href":"https:\/\/voytechauto.com\/de\/wp-json\/wp\/v2\/media\/2471"}],"wp:attachment":[{"href":"https:\/\/voytechauto.com\/de\/wp-json\/wp\/v2\/media?parent=2420"}],"wp:term":[{"taxonomy":"product_brand","embeddable":true,"href":"https:\/\/voytechauto.com\/de\/wp-json\/wp\/v2\/product_brand?post=2420"},{"taxonomy":"product_cat","embeddable":true,"href":"https:\/\/voytechauto.com\/de\/wp-json\/wp\/v2\/product_cat?post=2420"},{"taxonomy":"product_tag","embeddable":true,"href":"https:\/\/voytechauto.com\/de\/wp-json\/wp\/v2\/product_tag?post=2420"}],"curies":[{"name":"wp","href":"https:\/\/api.w.org\/{rel}","templated":true}]}}