{"id":2509,"date":"2026-04-24T16:01:10","date_gmt":"2026-04-24T14:01:10","guid":{"rendered":"https:\/\/voytechauto.com\/product\/porsche-993-scheinwerferglas-99363190100-links-bosch-1305525061\/"},"modified":"2026-04-28T07:47:39","modified_gmt":"2026-04-28T05:47:39","slug":"porsche-993-scheinwerferglas-99363190100-links-bosch-1305525061","status":"publish","type":"product","link":"https:\/\/voytechauto.com\/de\/produkt\/porsche-993-scheinwerferglas-99363190100-links-bosch-1305525061\/","title":{"rendered":"Porsche 993 Scheinwerferglas 99363190100 Links Bosch 1305525061"},"content":{"rendered":"<p>Zum Verkauf steht ein gebrauchtes linkes Scheinwerferglas f\u00fcr den Porsche 993.<\/p>\n<p>Bitte beachten Sie die Gebrauchsspuren. Eine gr\u00fcndliche Politur wird vor der Montage empfohlen.<\/p>\n<p>OE BOSCH Teilenummer: 1305525061<\/p>\n<p>Kombiversand m\u00f6glich, bitte um Nachricht vorm Kauf.<\/p>\n<p>Wir sind eine auf alle Transaxle-Modelle und klassische Porsche 911 spezialisierte Werkstatt. Bei Fragen kontaktieren Sie uns gerne.<br \/>\nwww.voytechauto.com<\/p>\n","protected":false},"excerpt":{"rendered":"<p>Zum Verkauf steht ein gebrauchtes linkes Scheinwerferglas f\u00fcr den Porsche 993. Bitte beachten Sie die Gebrauchsspuren. Eine gr\u00fcndliche Politur wird vor der Montage empfohlen. OE BOSCH Teilenummer: 1305525061 Kombiversand m\u00f6glich, bitte um Nachricht vorm Kauf. Wir sind eine auf alle Transaxle-Modelle und klassische Porsche 911 spezialisierte Werkstatt. Bei Fragen kontaktieren Sie uns gerne. www.voytechauto.com<\/p>\n","protected":false},"featured_media":2507,"template":"","meta":{"_stock_pool":"Voytech"},"product_brand":[],"product_cat":[162],"product_tag":[172],"class_list":{"0":"post-2509","1":"product","2":"type-product","3":"status-publish","4":"has-post-thumbnail","6":"product_cat-elektrische-ausrustung","7":"product_tag-porsche-993","9":"first","10":"instock","11":"taxable","12":"shipping-taxable","13":"purchasable","14":"product-type-simple"},"yoast_head":"<!-- This site is optimized with the Yoast SEO plugin v27.3 - https:\/\/yoast.com\/product\/yoast-seo-wordpress\/ -->\n<title>Porsche 993 Scheinwerferglas 99363190100 Links Bosch 1305525061 - Transaxle &amp; Classic Porsche Specialist in Krak\u00f3w<\/title>\n<meta name=\"robots\" content=\"index, follow, max-snippet:-1, max-image-preview:large, max-video-preview:-1\" \/>\n<link rel=\"canonical\" href=\"https:\/\/voytechauto.com\/de\/produkt\/porsche-993-scheinwerferglas-99363190100-links-bosch-1305525061\/\" \/>\n<meta property=\"og:locale\" content=\"de_DE\" \/>\n<meta property=\"og:type\" content=\"article\" \/>\n<meta property=\"og:title\" content=\"Porsche 993 Scheinwerferglas 99363190100 Links Bosch 1305525061 - Transaxle &amp; Classic Porsche Specialist in Krak\u00f3w\" \/>\n<meta property=\"og:description\" content=\"Zum Verkauf steht ein gebrauchtes linkes Scheinwerferglas f\u00fcr den Porsche 993. Bitte beachten Sie die Gebrauchsspuren. Eine gr\u00fcndliche Politur wird vor der Montage empfohlen. OE BOSCH Teilenummer: 1305525061 Kombiversand m\u00f6glich, bitte um Nachricht vorm Kauf. Wir sind eine auf alle Transaxle-Modelle und klassische Porsche 911 spezialisierte Werkstatt. Bei Fragen kontaktieren Sie uns gerne. www.voytechauto.com\" \/>\n<meta property=\"og:url\" content=\"https:\/\/voytechauto.com\/de\/produkt\/porsche-993-scheinwerferglas-99363190100-links-bosch-1305525061\/\" \/>\n<meta property=\"og:site_name\" content=\"Transaxle &amp; Classic Porsche Specialist in Krak\u00f3w\" \/>\n<meta property=\"article:publisher\" content=\"https:\/\/www.facebook.com\/voytech.auto\" \/>\n<meta property=\"article:modified_time\" content=\"2026-04-28T05:47:39+00:00\" \/>\n<meta property=\"og:image\" content=\"https:\/\/voytechauto.com\/wp-content\/uploads\/2026\/04\/1-7.png\" \/>\n\t<meta property=\"og:image:width\" content=\"512\" \/>\n\t<meta property=\"og:image:height\" content=\"440\" \/>\n\t<meta property=\"og:image:type\" content=\"image\/png\" \/>\n<meta name=\"twitter:card\" content=\"summary_large_image\" \/>\n<script type=\"application\/ld+json\" class=\"yoast-schema-graph\">{\"@context\":\"https:\\\/\\\/schema.org\",\"@graph\":[{\"@type\":\"WebPage\",\"@id\":\"https:\\\/\\\/voytechauto.com\\\/de\\\/produkt\\\/porsche-993-scheinwerferglas-99363190100-links-bosch-1305525061\\\/\",\"url\":\"https:\\\/\\\/voytechauto.com\\\/de\\\/produkt\\\/porsche-993-scheinwerferglas-99363190100-links-bosch-1305525061\\\/\",\"name\":\"Porsche 993 Scheinwerferglas 99363190100 Links Bosch 1305525061 - Transaxle &amp; Classic Porsche Specialist in Krak\u00f3w\",\"isPartOf\":{\"@id\":\"https:\\\/\\\/voytechauto.com\\\/de\\\/#website\"},\"primaryImageOfPage\":{\"@id\":\"https:\\\/\\\/voytechauto.com\\\/de\\\/produkt\\\/porsche-993-scheinwerferglas-99363190100-links-bosch-1305525061\\\/#primaryimage\"},\"image\":{\"@id\":\"https:\\\/\\\/voytechauto.com\\\/de\\\/produkt\\\/porsche-993-scheinwerferglas-99363190100-links-bosch-1305525061\\\/#primaryimage\"},\"thumbnailUrl\":\"https:\\\/\\\/voytechauto.com\\\/wp-content\\\/uploads\\\/2026\\\/04\\\/1-7.png\",\"datePublished\":\"2026-04-24T14:01:10+00:00\",\"dateModified\":\"2026-04-28T05:47:39+00:00\",\"breadcrumb\":{\"@id\":\"https:\\\/\\\/voytechauto.com\\\/de\\\/produkt\\\/porsche-993-scheinwerferglas-99363190100-links-bosch-1305525061\\\/#breadcrumb\"},\"inLanguage\":\"de\",\"potentialAction\":[{\"@type\":\"ReadAction\",\"target\":[\"https:\\\/\\\/voytechauto.com\\\/de\\\/produkt\\\/porsche-993-scheinwerferglas-99363190100-links-bosch-1305525061\\\/\"]}]},{\"@type\":\"ImageObject\",\"inLanguage\":\"de\",\"@id\":\"https:\\\/\\\/voytechauto.com\\\/de\\\/produkt\\\/porsche-993-scheinwerferglas-99363190100-links-bosch-1305525061\\\/#primaryimage\",\"url\":\"https:\\\/\\\/voytechauto.com\\\/wp-content\\\/uploads\\\/2026\\\/04\\\/1-7.png\",\"contentUrl\":\"https:\\\/\\\/voytechauto.com\\\/wp-content\\\/uploads\\\/2026\\\/04\\\/1-7.png\",\"width\":512,\"height\":440},{\"@type\":\"BreadcrumbList\",\"@id\":\"https:\\\/\\\/voytechauto.com\\\/de\\\/produkt\\\/porsche-993-scheinwerferglas-99363190100-links-bosch-1305525061\\\/#breadcrumb\",\"itemListElement\":[{\"@type\":\"ListItem\",\"position\":1,\"name\":\"Home\",\"item\":\"https:\\\/\\\/voytechauto.com\\\/de\\\/\"},{\"@type\":\"ListItem\",\"position\":2,\"name\":\"Shop\",\"item\":\"https:\\\/\\\/voytechauto.com\\\/de\\\/shop\\\/\"},{\"@type\":\"ListItem\",\"position\":3,\"name\":\"Porsche 993 Scheinwerferglas 99363190100 Links Bosch 1305525061\"}]},{\"@type\":\"WebSite\",\"@id\":\"https:\\\/\\\/voytechauto.com\\\/de\\\/#website\",\"url\":\"https:\\\/\\\/voytechauto.com\\\/de\\\/\",\"name\":\"Voytech Auto \u2013 Transaxle Porsche & Classic 911 Specialist in Krak\u00f3w\",\"description\":\"\",\"publisher\":{\"@id\":\"https:\\\/\\\/voytechauto.com\\\/de\\\/#organization\"},\"potentialAction\":[{\"@type\":\"SearchAction\",\"target\":{\"@type\":\"EntryPoint\",\"urlTemplate\":\"https:\\\/\\\/voytechauto.com\\\/de\\\/?s={search_term_string}\"},\"query-input\":{\"@type\":\"PropertyValueSpecification\",\"valueRequired\":true,\"valueName\":\"search_term_string\"}}],\"inLanguage\":\"de\"},{\"@type\":\"Organization\",\"@id\":\"https:\\\/\\\/voytechauto.com\\\/de\\\/#organization\",\"name\":\"Voytech Auto \u2013 Transaxle Porsche & Classic 911 Specialist in Krak\u00f3w\",\"url\":\"https:\\\/\\\/voytechauto.com\\\/de\\\/\",\"logo\":{\"@type\":\"ImageObject\",\"inLanguage\":\"de\",\"@id\":\"https:\\\/\\\/voytechauto.com\\\/de\\\/#\\\/schema\\\/logo\\\/image\\\/\",\"url\":\"https:\\\/\\\/voytechauto.com\\\/wp-content\\\/uploads\\\/2025\\\/03\\\/VOYTECH-LOGO-1.png\",\"contentUrl\":\"https:\\\/\\\/voytechauto.com\\\/wp-content\\\/uploads\\\/2025\\\/03\\\/VOYTECH-LOGO-1.png\",\"width\":215,\"height\":28,\"caption\":\"Voytech Auto \u2013 Transaxle Porsche & Classic 911 Specialist in Krak\u00f3w\"},\"image\":{\"@id\":\"https:\\\/\\\/voytechauto.com\\\/de\\\/#\\\/schema\\\/logo\\\/image\\\/\"},\"sameAs\":[\"https:\\\/\\\/www.facebook.com\\\/voytech.auto\",\"https:\\\/\\\/www.instagram.com\\\/voytech_auto\\\/\"]}]}<\/script>\n<!-- \/ Yoast SEO plugin. -->","yoast_head_json":{"title":"Porsche 993 Scheinwerferglas 99363190100 Links Bosch 1305525061 - Transaxle &amp; Classic Porsche Specialist in Krak\u00f3w","robots":{"index":"index","follow":"follow","max-snippet":"max-snippet:-1","max-image-preview":"max-image-preview:large","max-video-preview":"max-video-preview:-1"},"canonical":"https:\/\/voytechauto.com\/de\/produkt\/porsche-993-scheinwerferglas-99363190100-links-bosch-1305525061\/","og_locale":"de_DE","og_type":"article","og_title":"Porsche 993 Scheinwerferglas 99363190100 Links Bosch 1305525061 - Transaxle &amp; Classic Porsche Specialist in Krak\u00f3w","og_description":"Zum Verkauf steht ein gebrauchtes linkes Scheinwerferglas f\u00fcr den Porsche 993. Bitte beachten Sie die Gebrauchsspuren. Eine gr\u00fcndliche Politur wird vor der Montage empfohlen. OE BOSCH Teilenummer: 1305525061 Kombiversand m\u00f6glich, bitte um Nachricht vorm Kauf. Wir sind eine auf alle Transaxle-Modelle und klassische Porsche 911 spezialisierte Werkstatt. Bei Fragen kontaktieren Sie uns gerne. www.voytechauto.com","og_url":"https:\/\/voytechauto.com\/de\/produkt\/porsche-993-scheinwerferglas-99363190100-links-bosch-1305525061\/","og_site_name":"Transaxle &amp; Classic Porsche Specialist in Krak\u00f3w","article_publisher":"https:\/\/www.facebook.com\/voytech.auto","article_modified_time":"2026-04-28T05:47:39+00:00","og_image":[{"width":512,"height":440,"url":"https:\/\/voytechauto.com\/wp-content\/uploads\/2026\/04\/1-7.png","type":"image\/png"}],"twitter_card":"summary_large_image","schema":{"@context":"https:\/\/schema.org","@graph":[{"@type":"WebPage","@id":"https:\/\/voytechauto.com\/de\/produkt\/porsche-993-scheinwerferglas-99363190100-links-bosch-1305525061\/","url":"https:\/\/voytechauto.com\/de\/produkt\/porsche-993-scheinwerferglas-99363190100-links-bosch-1305525061\/","name":"Porsche 993 Scheinwerferglas 99363190100 Links Bosch 1305525061 - Transaxle &amp; Classic Porsche Specialist in Krak\u00f3w","isPartOf":{"@id":"https:\/\/voytechauto.com\/de\/#website"},"primaryImageOfPage":{"@id":"https:\/\/voytechauto.com\/de\/produkt\/porsche-993-scheinwerferglas-99363190100-links-bosch-1305525061\/#primaryimage"},"image":{"@id":"https:\/\/voytechauto.com\/de\/produkt\/porsche-993-scheinwerferglas-99363190100-links-bosch-1305525061\/#primaryimage"},"thumbnailUrl":"https:\/\/voytechauto.com\/wp-content\/uploads\/2026\/04\/1-7.png","datePublished":"2026-04-24T14:01:10+00:00","dateModified":"2026-04-28T05:47:39+00:00","breadcrumb":{"@id":"https:\/\/voytechauto.com\/de\/produkt\/porsche-993-scheinwerferglas-99363190100-links-bosch-1305525061\/#breadcrumb"},"inLanguage":"de","potentialAction":[{"@type":"ReadAction","target":["https:\/\/voytechauto.com\/de\/produkt\/porsche-993-scheinwerferglas-99363190100-links-bosch-1305525061\/"]}]},{"@type":"ImageObject","inLanguage":"de","@id":"https:\/\/voytechauto.com\/de\/produkt\/porsche-993-scheinwerferglas-99363190100-links-bosch-1305525061\/#primaryimage","url":"https:\/\/voytechauto.com\/wp-content\/uploads\/2026\/04\/1-7.png","contentUrl":"https:\/\/voytechauto.com\/wp-content\/uploads\/2026\/04\/1-7.png","width":512,"height":440},{"@type":"BreadcrumbList","@id":"https:\/\/voytechauto.com\/de\/produkt\/porsche-993-scheinwerferglas-99363190100-links-bosch-1305525061\/#breadcrumb","itemListElement":[{"@type":"ListItem","position":1,"name":"Home","item":"https:\/\/voytechauto.com\/de\/"},{"@type":"ListItem","position":2,"name":"Shop","item":"https:\/\/voytechauto.com\/de\/shop\/"},{"@type":"ListItem","position":3,"name":"Porsche 993 Scheinwerferglas 99363190100 Links Bosch 1305525061"}]},{"@type":"WebSite","@id":"https:\/\/voytechauto.com\/de\/#website","url":"https:\/\/voytechauto.com\/de\/","name":"Voytech Auto \u2013 Transaxle Porsche & Classic 911 Specialist in Krak\u00f3w","description":"","publisher":{"@id":"https:\/\/voytechauto.com\/de\/#organization"},"potentialAction":[{"@type":"SearchAction","target":{"@type":"EntryPoint","urlTemplate":"https:\/\/voytechauto.com\/de\/?s={search_term_string}"},"query-input":{"@type":"PropertyValueSpecification","valueRequired":true,"valueName":"search_term_string"}}],"inLanguage":"de"},{"@type":"Organization","@id":"https:\/\/voytechauto.com\/de\/#organization","name":"Voytech Auto \u2013 Transaxle Porsche & Classic 911 Specialist in Krak\u00f3w","url":"https:\/\/voytechauto.com\/de\/","logo":{"@type":"ImageObject","inLanguage":"de","@id":"https:\/\/voytechauto.com\/de\/#\/schema\/logo\/image\/","url":"https:\/\/voytechauto.com\/wp-content\/uploads\/2025\/03\/VOYTECH-LOGO-1.png","contentUrl":"https:\/\/voytechauto.com\/wp-content\/uploads\/2025\/03\/VOYTECH-LOGO-1.png","width":215,"height":28,"caption":"Voytech Auto \u2013 Transaxle Porsche & Classic 911 Specialist in Krak\u00f3w"},"image":{"@id":"https:\/\/voytechauto.com\/de\/#\/schema\/logo\/image\/"},"sameAs":["https:\/\/www.facebook.com\/voytech.auto","https:\/\/www.instagram.com\/voytech_auto\/"]}]}},"_links":{"self":[{"href":"https:\/\/voytechauto.com\/de\/wp-json\/wp\/v2\/product\/2509","targetHints":{"allow":["GET"]}}],"collection":[{"href":"https:\/\/voytechauto.com\/de\/wp-json\/wp\/v2\/product"}],"about":[{"href":"https:\/\/voytechauto.com\/de\/wp-json\/wp\/v2\/types\/product"}],"wp:featuredmedia":[{"embeddable":true,"href":"https:\/\/voytechauto.com\/de\/wp-json\/wp\/v2\/media\/2507"}],"wp:attachment":[{"href":"https:\/\/voytechauto.com\/de\/wp-json\/wp\/v2\/media?parent=2509"}],"wp:term":[{"taxonomy":"product_brand","embeddable":true,"href":"https:\/\/voytechauto.com\/de\/wp-json\/wp\/v2\/product_brand?post=2509"},{"taxonomy":"product_cat","embeddable":true,"href":"https:\/\/voytechauto.com\/de\/wp-json\/wp\/v2\/product_cat?post=2509"},{"taxonomy":"product_tag","embeddable":true,"href":"https:\/\/voytechauto.com\/de\/wp-json\/wp\/v2\/product_tag?post=2509"}],"curies":[{"name":"wp","href":"https:\/\/api.w.org\/{rel}","templated":true}]}}