{"id":2801,"date":"2026-04-25T12:02:47","date_gmt":"2026-04-25T10:02:47","guid":{"rendered":"https:\/\/voytechauto.com\/product\/porsche-996-997-tiptronic-allrad-verteilergetriebe-dichtungssatz\/"},"modified":"2026-04-25T12:02:47","modified_gmt":"2026-04-25T10:02:47","slug":"porsche-996-997-tiptronic-allrad-verteilergetriebe-dichtungssatz","status":"publish","type":"product","link":"https:\/\/voytechauto.com\/de\/produkt\/porsche-996-997-tiptronic-allrad-verteilergetriebe-dichtungssatz\/","title":{"rendered":"Porsche: 996, 997, Tiptronic Allrad-Verteilergetriebe Dichtungssatz"},"content":{"rendered":"<p>Zum Verkauf angeboten wird ein neuer Satz Verteilergetriebe-Dichtungen f\u00fcr Porsche 911 (996 und 997) Modelle mit Allradantrieb (AWD) und Tiptronic-Getriebe.<\/p>\n<p>Zustand: Fabrikneu<\/p>\n<p>Qualit\u00e4t: Erstklassige Qualit\u00e4t, gew\u00e4hrleistet eine perfekte Abdichtung.<\/p>\n<p>Verf\u00fcgbarkeit: Diese Teile sind \u00fcber offizielle Porsche Zentren nicht mehr erh\u00e4ltlich (NLA).<\/p>\n<p>Wir f\u00fchren ein umfangreiches Sortiment an Teilen f\u00fcr klassische und moderne Porsche-Modelle!<\/p>\n<p>Bitte sehen Sie sich auch unsere anderen Auktionen f\u00fcr weitere Komponenten an.<\/p>\n<p>Kombiversand m\u00f6glich, bitte um Nachricht vorm Kauf.<\/p>\n<p>Wir sind eine Werkstatt, spezialisiert auf alle Transaxle- und klassischen Porsche-Modelle. Kontaktieren Sie uns gerne bei Fragen.<br \/>\nwww.voytechauto.com<\/p>\n","protected":false},"excerpt":{"rendered":"<p>Zum Verkauf angeboten wird ein neuer Satz Verteilergetriebe-Dichtungen f\u00fcr Porsche 911 (996 und 997) Modelle mit Allradantrieb (AWD) und Tiptronic-Getriebe. Zustand: Fabrikneu Qualit\u00e4t: Erstklassige Qualit\u00e4t, gew\u00e4hrleistet eine perfekte Abdichtung. Verf\u00fcgbarkeit: Diese Teile sind \u00fcber offizielle Porsche Zentren nicht mehr erh\u00e4ltlich (NLA). Wir f\u00fchren ein umfangreiches Sortiment an Teilen f\u00fcr klassische und moderne Porsche-Modelle! Bitte sehen [&hellip;]<\/p>\n","protected":false},"featured_media":2800,"template":"","meta":{"_stock_pool":"Voytech"},"product_brand":[],"product_cat":[174],"product_tag":[192,193],"class_list":{"0":"post-2801","1":"product","2":"type-product","3":"status-publish","4":"has-post-thumbnail","6":"product_cat-getriebe","7":"product_tag-porsche-911-996","8":"product_tag-porsche-911-997","10":"first","11":"instock","12":"taxable","13":"shipping-taxable","14":"purchasable","15":"product-type-simple"},"yoast_head":"<!-- This site is optimized with the Yoast SEO plugin v27.3 - https:\/\/yoast.com\/product\/yoast-seo-wordpress\/ -->\n<title>Porsche: 996, 997, Tiptronic Allrad-Verteilergetriebe Dichtungssatz - Transaxle &amp; Classic Porsche Specialist in Krak\u00f3w<\/title>\n<meta name=\"robots\" content=\"index, follow, max-snippet:-1, max-image-preview:large, max-video-preview:-1\" \/>\n<link rel=\"canonical\" href=\"https:\/\/voytechauto.com\/de\/produkt\/porsche-996-997-tiptronic-allrad-verteilergetriebe-dichtungssatz\/\" \/>\n<meta property=\"og:locale\" content=\"de_DE\" \/>\n<meta property=\"og:type\" content=\"article\" \/>\n<meta property=\"og:title\" content=\"Porsche: 996, 997, Tiptronic Allrad-Verteilergetriebe Dichtungssatz - Transaxle &amp; Classic Porsche Specialist in Krak\u00f3w\" \/>\n<meta property=\"og:description\" content=\"Zum Verkauf angeboten wird ein neuer Satz Verteilergetriebe-Dichtungen f\u00fcr Porsche 911 (996 und 997) Modelle mit Allradantrieb (AWD) und Tiptronic-Getriebe. Zustand: Fabrikneu Qualit\u00e4t: Erstklassige Qualit\u00e4t, gew\u00e4hrleistet eine perfekte Abdichtung. Verf\u00fcgbarkeit: Diese Teile sind \u00fcber offizielle Porsche Zentren nicht mehr erh\u00e4ltlich (NLA). Wir f\u00fchren ein umfangreiches Sortiment an Teilen f\u00fcr klassische und moderne Porsche-Modelle! Bitte sehen [&hellip;]\" \/>\n<meta property=\"og:url\" content=\"https:\/\/voytechauto.com\/de\/produkt\/porsche-996-997-tiptronic-allrad-verteilergetriebe-dichtungssatz\/\" \/>\n<meta property=\"og:site_name\" content=\"Transaxle &amp; Classic Porsche Specialist in Krak\u00f3w\" \/>\n<meta property=\"article:publisher\" content=\"https:\/\/www.facebook.com\/voytech.auto\" \/>\n<meta property=\"og:image\" content=\"https:\/\/voytechauto.com\/wp-content\/uploads\/2026\/04\/1-37.png\" \/>\n\t<meta property=\"og:image:width\" content=\"512\" \/>\n\t<meta property=\"og:image:height\" content=\"440\" \/>\n\t<meta property=\"og:image:type\" content=\"image\/png\" \/>\n<meta name=\"twitter:card\" content=\"summary_large_image\" \/>\n<script type=\"application\/ld+json\" class=\"yoast-schema-graph\">{\"@context\":\"https:\\\/\\\/schema.org\",\"@graph\":[{\"@type\":\"WebPage\",\"@id\":\"https:\\\/\\\/voytechauto.com\\\/de\\\/produkt\\\/porsche-996-997-tiptronic-allrad-verteilergetriebe-dichtungssatz\\\/\",\"url\":\"https:\\\/\\\/voytechauto.com\\\/de\\\/produkt\\\/porsche-996-997-tiptronic-allrad-verteilergetriebe-dichtungssatz\\\/\",\"name\":\"Porsche: 996, 997, Tiptronic Allrad-Verteilergetriebe Dichtungssatz - Transaxle &amp; Classic Porsche Specialist in Krak\u00f3w\",\"isPartOf\":{\"@id\":\"https:\\\/\\\/voytechauto.com\\\/de\\\/#website\"},\"primaryImageOfPage\":{\"@id\":\"https:\\\/\\\/voytechauto.com\\\/de\\\/produkt\\\/porsche-996-997-tiptronic-allrad-verteilergetriebe-dichtungssatz\\\/#primaryimage\"},\"image\":{\"@id\":\"https:\\\/\\\/voytechauto.com\\\/de\\\/produkt\\\/porsche-996-997-tiptronic-allrad-verteilergetriebe-dichtungssatz\\\/#primaryimage\"},\"thumbnailUrl\":\"https:\\\/\\\/voytechauto.com\\\/wp-content\\\/uploads\\\/2026\\\/04\\\/1-37.png\",\"datePublished\":\"2026-04-25T10:02:47+00:00\",\"breadcrumb\":{\"@id\":\"https:\\\/\\\/voytechauto.com\\\/de\\\/produkt\\\/porsche-996-997-tiptronic-allrad-verteilergetriebe-dichtungssatz\\\/#breadcrumb\"},\"inLanguage\":\"de\",\"potentialAction\":[{\"@type\":\"ReadAction\",\"target\":[\"https:\\\/\\\/voytechauto.com\\\/de\\\/produkt\\\/porsche-996-997-tiptronic-allrad-verteilergetriebe-dichtungssatz\\\/\"]}]},{\"@type\":\"ImageObject\",\"inLanguage\":\"de\",\"@id\":\"https:\\\/\\\/voytechauto.com\\\/de\\\/produkt\\\/porsche-996-997-tiptronic-allrad-verteilergetriebe-dichtungssatz\\\/#primaryimage\",\"url\":\"https:\\\/\\\/voytechauto.com\\\/wp-content\\\/uploads\\\/2026\\\/04\\\/1-37.png\",\"contentUrl\":\"https:\\\/\\\/voytechauto.com\\\/wp-content\\\/uploads\\\/2026\\\/04\\\/1-37.png\",\"width\":512,\"height\":440},{\"@type\":\"BreadcrumbList\",\"@id\":\"https:\\\/\\\/voytechauto.com\\\/de\\\/produkt\\\/porsche-996-997-tiptronic-allrad-verteilergetriebe-dichtungssatz\\\/#breadcrumb\",\"itemListElement\":[{\"@type\":\"ListItem\",\"position\":1,\"name\":\"Home\",\"item\":\"https:\\\/\\\/voytechauto.com\\\/de\\\/\"},{\"@type\":\"ListItem\",\"position\":2,\"name\":\"Shop\",\"item\":\"https:\\\/\\\/voytechauto.com\\\/de\\\/shop\\\/\"},{\"@type\":\"ListItem\",\"position\":3,\"name\":\"Porsche: 996, 997, Tiptronic Allrad-Verteilergetriebe Dichtungssatz\"}]},{\"@type\":\"WebSite\",\"@id\":\"https:\\\/\\\/voytechauto.com\\\/de\\\/#website\",\"url\":\"https:\\\/\\\/voytechauto.com\\\/de\\\/\",\"name\":\"Voytech Auto \u2013 Transaxle Porsche & Classic 911 Specialist in Krak\u00f3w\",\"description\":\"\",\"publisher\":{\"@id\":\"https:\\\/\\\/voytechauto.com\\\/de\\\/#organization\"},\"potentialAction\":[{\"@type\":\"SearchAction\",\"target\":{\"@type\":\"EntryPoint\",\"urlTemplate\":\"https:\\\/\\\/voytechauto.com\\\/de\\\/?s={search_term_string}\"},\"query-input\":{\"@type\":\"PropertyValueSpecification\",\"valueRequired\":true,\"valueName\":\"search_term_string\"}}],\"inLanguage\":\"de\"},{\"@type\":\"Organization\",\"@id\":\"https:\\\/\\\/voytechauto.com\\\/de\\\/#organization\",\"name\":\"Voytech Auto \u2013 Transaxle Porsche & Classic 911 Specialist in Krak\u00f3w\",\"url\":\"https:\\\/\\\/voytechauto.com\\\/de\\\/\",\"logo\":{\"@type\":\"ImageObject\",\"inLanguage\":\"de\",\"@id\":\"https:\\\/\\\/voytechauto.com\\\/de\\\/#\\\/schema\\\/logo\\\/image\\\/\",\"url\":\"https:\\\/\\\/voytechauto.com\\\/wp-content\\\/uploads\\\/2025\\\/03\\\/VOYTECH-LOGO-1.png\",\"contentUrl\":\"https:\\\/\\\/voytechauto.com\\\/wp-content\\\/uploads\\\/2025\\\/03\\\/VOYTECH-LOGO-1.png\",\"width\":215,\"height\":28,\"caption\":\"Voytech Auto \u2013 Transaxle Porsche & Classic 911 Specialist in Krak\u00f3w\"},\"image\":{\"@id\":\"https:\\\/\\\/voytechauto.com\\\/de\\\/#\\\/schema\\\/logo\\\/image\\\/\"},\"sameAs\":[\"https:\\\/\\\/www.facebook.com\\\/voytech.auto\",\"https:\\\/\\\/www.instagram.com\\\/voytech_auto\\\/\"]}]}<\/script>\n<!-- \/ Yoast SEO plugin. -->","yoast_head_json":{"title":"Porsche: 996, 997, Tiptronic Allrad-Verteilergetriebe Dichtungssatz - Transaxle &amp; Classic Porsche Specialist in Krak\u00f3w","robots":{"index":"index","follow":"follow","max-snippet":"max-snippet:-1","max-image-preview":"max-image-preview:large","max-video-preview":"max-video-preview:-1"},"canonical":"https:\/\/voytechauto.com\/de\/produkt\/porsche-996-997-tiptronic-allrad-verteilergetriebe-dichtungssatz\/","og_locale":"de_DE","og_type":"article","og_title":"Porsche: 996, 997, Tiptronic Allrad-Verteilergetriebe Dichtungssatz - Transaxle &amp; Classic Porsche Specialist in Krak\u00f3w","og_description":"Zum Verkauf angeboten wird ein neuer Satz Verteilergetriebe-Dichtungen f\u00fcr Porsche 911 (996 und 997) Modelle mit Allradantrieb (AWD) und Tiptronic-Getriebe. Zustand: Fabrikneu Qualit\u00e4t: Erstklassige Qualit\u00e4t, gew\u00e4hrleistet eine perfekte Abdichtung. Verf\u00fcgbarkeit: Diese Teile sind \u00fcber offizielle Porsche Zentren nicht mehr erh\u00e4ltlich (NLA). Wir f\u00fchren ein umfangreiches Sortiment an Teilen f\u00fcr klassische und moderne Porsche-Modelle! Bitte sehen [&hellip;]","og_url":"https:\/\/voytechauto.com\/de\/produkt\/porsche-996-997-tiptronic-allrad-verteilergetriebe-dichtungssatz\/","og_site_name":"Transaxle &amp; Classic Porsche Specialist in Krak\u00f3w","article_publisher":"https:\/\/www.facebook.com\/voytech.auto","og_image":[{"width":512,"height":440,"url":"https:\/\/voytechauto.com\/wp-content\/uploads\/2026\/04\/1-37.png","type":"image\/png"}],"twitter_card":"summary_large_image","schema":{"@context":"https:\/\/schema.org","@graph":[{"@type":"WebPage","@id":"https:\/\/voytechauto.com\/de\/produkt\/porsche-996-997-tiptronic-allrad-verteilergetriebe-dichtungssatz\/","url":"https:\/\/voytechauto.com\/de\/produkt\/porsche-996-997-tiptronic-allrad-verteilergetriebe-dichtungssatz\/","name":"Porsche: 996, 997, Tiptronic Allrad-Verteilergetriebe Dichtungssatz - Transaxle &amp; Classic Porsche Specialist in Krak\u00f3w","isPartOf":{"@id":"https:\/\/voytechauto.com\/de\/#website"},"primaryImageOfPage":{"@id":"https:\/\/voytechauto.com\/de\/produkt\/porsche-996-997-tiptronic-allrad-verteilergetriebe-dichtungssatz\/#primaryimage"},"image":{"@id":"https:\/\/voytechauto.com\/de\/produkt\/porsche-996-997-tiptronic-allrad-verteilergetriebe-dichtungssatz\/#primaryimage"},"thumbnailUrl":"https:\/\/voytechauto.com\/wp-content\/uploads\/2026\/04\/1-37.png","datePublished":"2026-04-25T10:02:47+00:00","breadcrumb":{"@id":"https:\/\/voytechauto.com\/de\/produkt\/porsche-996-997-tiptronic-allrad-verteilergetriebe-dichtungssatz\/#breadcrumb"},"inLanguage":"de","potentialAction":[{"@type":"ReadAction","target":["https:\/\/voytechauto.com\/de\/produkt\/porsche-996-997-tiptronic-allrad-verteilergetriebe-dichtungssatz\/"]}]},{"@type":"ImageObject","inLanguage":"de","@id":"https:\/\/voytechauto.com\/de\/produkt\/porsche-996-997-tiptronic-allrad-verteilergetriebe-dichtungssatz\/#primaryimage","url":"https:\/\/voytechauto.com\/wp-content\/uploads\/2026\/04\/1-37.png","contentUrl":"https:\/\/voytechauto.com\/wp-content\/uploads\/2026\/04\/1-37.png","width":512,"height":440},{"@type":"BreadcrumbList","@id":"https:\/\/voytechauto.com\/de\/produkt\/porsche-996-997-tiptronic-allrad-verteilergetriebe-dichtungssatz\/#breadcrumb","itemListElement":[{"@type":"ListItem","position":1,"name":"Home","item":"https:\/\/voytechauto.com\/de\/"},{"@type":"ListItem","position":2,"name":"Shop","item":"https:\/\/voytechauto.com\/de\/shop\/"},{"@type":"ListItem","position":3,"name":"Porsche: 996, 997, Tiptronic Allrad-Verteilergetriebe Dichtungssatz"}]},{"@type":"WebSite","@id":"https:\/\/voytechauto.com\/de\/#website","url":"https:\/\/voytechauto.com\/de\/","name":"Voytech Auto \u2013 Transaxle Porsche & Classic 911 Specialist in Krak\u00f3w","description":"","publisher":{"@id":"https:\/\/voytechauto.com\/de\/#organization"},"potentialAction":[{"@type":"SearchAction","target":{"@type":"EntryPoint","urlTemplate":"https:\/\/voytechauto.com\/de\/?s={search_term_string}"},"query-input":{"@type":"PropertyValueSpecification","valueRequired":true,"valueName":"search_term_string"}}],"inLanguage":"de"},{"@type":"Organization","@id":"https:\/\/voytechauto.com\/de\/#organization","name":"Voytech Auto \u2013 Transaxle Porsche & Classic 911 Specialist in Krak\u00f3w","url":"https:\/\/voytechauto.com\/de\/","logo":{"@type":"ImageObject","inLanguage":"de","@id":"https:\/\/voytechauto.com\/de\/#\/schema\/logo\/image\/","url":"https:\/\/voytechauto.com\/wp-content\/uploads\/2025\/03\/VOYTECH-LOGO-1.png","contentUrl":"https:\/\/voytechauto.com\/wp-content\/uploads\/2025\/03\/VOYTECH-LOGO-1.png","width":215,"height":28,"caption":"Voytech Auto \u2013 Transaxle Porsche & Classic 911 Specialist in Krak\u00f3w"},"image":{"@id":"https:\/\/voytechauto.com\/de\/#\/schema\/logo\/image\/"},"sameAs":["https:\/\/www.facebook.com\/voytech.auto","https:\/\/www.instagram.com\/voytech_auto\/"]}]}},"_links":{"self":[{"href":"https:\/\/voytechauto.com\/de\/wp-json\/wp\/v2\/product\/2801","targetHints":{"allow":["GET"]}}],"collection":[{"href":"https:\/\/voytechauto.com\/de\/wp-json\/wp\/v2\/product"}],"about":[{"href":"https:\/\/voytechauto.com\/de\/wp-json\/wp\/v2\/types\/product"}],"wp:featuredmedia":[{"embeddable":true,"href":"https:\/\/voytechauto.com\/de\/wp-json\/wp\/v2\/media\/2800"}],"wp:attachment":[{"href":"https:\/\/voytechauto.com\/de\/wp-json\/wp\/v2\/media?parent=2801"}],"wp:term":[{"taxonomy":"product_brand","embeddable":true,"href":"https:\/\/voytechauto.com\/de\/wp-json\/wp\/v2\/product_brand?post=2801"},{"taxonomy":"product_cat","embeddable":true,"href":"https:\/\/voytechauto.com\/de\/wp-json\/wp\/v2\/product_cat?post=2801"},{"taxonomy":"product_tag","embeddable":true,"href":"https:\/\/voytechauto.com\/de\/wp-json\/wp\/v2\/product_tag?post=2801"}],"curies":[{"name":"wp","href":"https:\/\/api.w.org\/{rel}","templated":true}]}}