{"id":2242,"date":"2026-01-22T12:58:20","date_gmt":"2026-01-22T11:58:20","guid":{"rendered":"https:\/\/voytechauto.com\/uslugi\/"},"modified":"2026-04-15T01:26:12","modified_gmt":"2026-04-14T23:26:12","slug":"uslugi","status":"publish","type":"page","link":"https:\/\/voytechauto.com\/pl\/uslugi\/","title":{"rendered":"Us\u0142ugi"},"content":{"rendered":"\n<div class=\"wp-block-essential-blocks-advanced-heading root-eb-advance-heading-jr2uw\"><div class=\"eb-parent-wrapper eb-parent-eb-advance-heading-jr2uw \"><div class=\"eb-advance-heading-wrapper eb-advance-heading-jr2uw button-1 undefined\" data-id=\"eb-advance-heading-jr2uw\"><h2 class=\"eb-ah-title\"><span class=\"first-title\">Serwis samochodowy<\/span><\/h2><\/div><\/div><\/div>\n\n<p>Oferujemy pe\u0142en serwis dla Twojego ukochanego samochodu. Nasi wykwalifikowani technicy zajmuj\u0105 si\u0119 wymian\u0105 wszystkich p\u0142yn\u00f3w, przeprowadzaj\u0105 dok\u0142adne kontrole i wymiany hamulc\u00f3w, sprawdzaj\u0105 kompresj\u0119 silnika, je\u015bli jest to konieczne oraz fachowo rozwi\u0105zuj\u0105 wszelkie problemy elektryczne, jakie mo\u017ce mie\u0107 Tw\u00f3j pojazd. Robimy wszystko, aby zapewni\u0107 optymaln\u0105 wydajno\u015b\u0107 i bezpiecze\u0144stwo Twojego samochodu.<\/p>\n\n<div class=\"wp-block-essential-blocks-advanced-heading root-eb-advance-heading-jyz4h\"><div class=\"eb-parent-wrapper eb-parent-eb-advance-heading-jyz4h \"><div class=\"eb-advance-heading-wrapper eb-advance-heading-jyz4h button-1 undefined\" data-id=\"eb-advance-heading-jyz4h\"><h2 class=\"eb-ah-title\"><span class=\"first-title\">Kompleksowa renowacja samochodu<\/span><\/h2><\/div><\/div><\/div>\n\n<p>asze kompleksowe us\u0142ugi restauracji samochod\u00f3w obejmuj\u0105 demonta\u017c pojazdu i skrupulatne wykonanie ka\u017cdego etapu. Zajmujemy si\u0119 naprawami blacharskimi, dok\u0142adnym czyszczeniem i odnawianiem wszystkich cz\u0119\u015bci, renowacj\u0105 tapicerki, napraw\u0105 instalacji elektrycznej, regeneracj\u0105 felg oraz oferujemy us\u0142ugi lakiernicze pod naszym nadzorem. Ciesz si\u0119 bezproblemowym procesem renowacji, dzi\u0119ki kt\u00f3remu Tw\u00f3j ukochany samoch\u00f3d odzyska dawn\u0105 \u015bwietno\u015b\u0107, wygl\u0105daj\u0105c i dzia\u0142aj\u0105c jak nowy.<\/p>\n\n<div class=\"wp-block-essential-blocks-advanced-heading root-eb-advance-heading-ibkqe\"><div class=\"eb-parent-wrapper eb-parent-eb-advance-heading-ibkqe \"><div class=\"eb-advance-heading-wrapper eb-advance-heading-ibkqe button-1 undefined\" data-id=\"eb-advance-heading-ibkqe\"><h2 class=\"eb-ah-title\"><span class=\"first-title\">Konwersja silnika<\/span><\/h2><\/div><\/div><\/div>\n\n<p>Zmodyfikuj swojego Porsche 924 lub 944, montuj\u0105c silnik 1.8T, aby poprawi\u0107 moc, efektywno\u015b\u0107 paliwow\u0105 i niezawodno\u015b\u0107. Ta konwersja zwi\u0119ksza osi\u0105gi dzi\u0119ki mocy turbo, oferuj\u0105c jednocze\u015bnie lepsz\u0105 dost\u0119pno\u015b\u0107 cz\u0119\u015bci i \u0142atwiejsz\u0105 konserwacj\u0119. Silnik 1.8T jest znany ze swojej trwa\u0142o\u015bci i potencja\u0142u tuningu, co czyni go idealnym wyborem dla entuzjast\u00f3w wydajno\u015bci, kt\u00f3rzy chc\u0105 ulepszy\u0107 swoje klasyczne Porsche.<\/p>\n\n<div class=\"wp-block-essential-blocks-advanced-heading root-eb-advance-heading-pldn2\"><div class=\"eb-parent-wrapper eb-parent-eb-advance-heading-pldn2 \"><div class=\"eb-advance-heading-wrapper eb-advance-heading-pldn2 button-1 undefined\" data-id=\"eb-advance-heading-pldn2\"><h2 class=\"eb-ah-title\"><span class=\"first-title\">Modyfikacja uk\u0142adu nap\u0119dowego: wymiana skrzyni bieg\u00f3w w Porsche 924\/944<\/span><\/h2><\/div><\/div><\/div>\n\n<p>W ramach modyfikacji uk\u0142adu nap\u0119dowego w Porsche 924 i 944 wymieniamy oryginaln\u0105 pi\u0119ciobiegow\u0105 skrzyni\u0119 bieg\u00f3w na nowoczesn\u0105 sze\u015bciobiegow\u0105 wersj\u0119. Ta wymiana nie tylko zwi\u0119kszy wydajno\u015b\u0107 pojazdu, ale r\u00f3wnie\u017c poprawi komfort jazdy, dzi\u0119ki bardziej precyzyjnej pracy skrzyni bieg\u00f3w i lepszym prze\u0142o\u017ceniom. Nowa sze\u015bciobiegowa skrzynia pozwoli na p\u0142ynniejsz\u0105 jazd\u0119 przy wy\u017cszych pr\u0119dko\u015bciach, co z pewno\u015bci\u0105 doceni\u0105 kierowcy poszukuj\u0105cy lepszych osi\u0105g\u00f3w i komfortu w swoich klasycznych Porsche.<\/p>\n\n<div class=\"wp-block-essential-blocks-advanced-heading root-eb-advance-heading-sr3zo\"><div class=\"eb-parent-wrapper eb-parent-eb-advance-heading-sr3zo \"><div class=\"eb-advance-heading-wrapper eb-advance-heading-sr3zo button-1 undefined\" data-id=\"eb-advance-heading-sr3zo\"><h2 class=\"eb-ah-title\"><span class=\"first-title\">Remont silnika<\/span><\/h2><\/div><\/div><\/div>\n\n<p>Zatarty lub w inny spos\u00f3b uszkodzony silnik nie stanowi dla nas problemu. Odbudowujemy silniki od podstaw, przywracaj\u0105c im pe\u0142n\u0105 funkcjonalno\u015b\u0107 i fabryczny wygl\u0105d. Nasze us\u0142ugi obejmuj\u0105 tulejowanie cylindr\u00f3w, planowanie i osiowanie bloku, regeneracj\u0119 g\u0142owic cylindr\u00f3w, wymian\u0119 cz\u0119\u015bci eksploatacyjnych, a tak\u017ce czyszczenie i odnow\u0119 podzespo\u0142\u00f3w oraz osprz\u0119tu silnika. Dzi\u0119ki naszym kompleksowym us\u0142ugom, Pa\u0144stwa silnik b\u0119dzie dzia\u0142a\u0142 i wygl\u0105da\u0142 jak nowy.<\/p>\n\n<p><\/p>\n","protected":false},"excerpt":{"rendered":"<p>Oferujemy pe\u0142en serwis dla Twojego ukochanego samochodu. Nasi wykwalifikowani technicy zajmuj\u0105 si\u0119 wymian\u0105 wszystkich p\u0142yn\u00f3w, przeprowadzaj\u0105 dok\u0142adne kontrole i wymiany hamulc\u00f3w, sprawdzaj\u0105 kompresj\u0119 silnika, je\u015bli jest to konieczne oraz fachowo rozwi\u0105zuj\u0105 wszelkie problemy elektryczne, jakie mo\u017ce mie\u0107 Tw\u00f3j pojazd. Robimy wszystko, aby zapewni\u0107 optymaln\u0105 wydajno\u015b\u0107 i bezpiecze\u0144stwo Twojego samochodu. asze kompleksowe us\u0142ugi restauracji samochod\u00f3w obejmuj\u0105 [&hellip;]<\/p>\n","protected":false},"author":1,"featured_media":0,"parent":0,"menu_order":0,"comment_status":"closed","ping_status":"closed","template":"","meta":{"footnotes":""},"class_list":["post-2242","page","type-page","status-publish","hentry"],"yoast_head":"<!-- This site is optimized with the Yoast SEO plugin v27.3 - https:\/\/yoast.com\/product\/yoast-seo-wordpress\/ -->\n<title>Us\u0142ugi - Transaxle &amp; Classic Porsche Specialist in Krak\u00f3w<\/title>\n<meta name=\"robots\" content=\"index, follow, max-snippet:-1, max-image-preview:large, max-video-preview:-1\" \/>\n<link rel=\"canonical\" href=\"https:\/\/voytechauto.com\/pl\/uslugi\/\" \/>\n<meta property=\"og:locale\" content=\"pl_PL\" \/>\n<meta property=\"og:type\" content=\"article\" \/>\n<meta property=\"og:title\" content=\"Us\u0142ugi - Transaxle &amp; Classic Porsche Specialist in Krak\u00f3w\" \/>\n<meta property=\"og:description\" content=\"Oferujemy pe\u0142en serwis dla Twojego ukochanego samochodu. Nasi wykwalifikowani technicy zajmuj\u0105 si\u0119 wymian\u0105 wszystkich p\u0142yn\u00f3w, przeprowadzaj\u0105 dok\u0142adne kontrole i wymiany hamulc\u00f3w, sprawdzaj\u0105 kompresj\u0119 silnika, je\u015bli jest to konieczne oraz fachowo rozwi\u0105zuj\u0105 wszelkie problemy elektryczne, jakie mo\u017ce mie\u0107 Tw\u00f3j pojazd. Robimy wszystko, aby zapewni\u0107 optymaln\u0105 wydajno\u015b\u0107 i bezpiecze\u0144stwo Twojego samochodu. asze kompleksowe us\u0142ugi restauracji samochod\u00f3w obejmuj\u0105 [&hellip;]\" \/>\n<meta property=\"og:url\" content=\"https:\/\/voytechauto.com\/pl\/uslugi\/\" \/>\n<meta property=\"og:site_name\" content=\"Transaxle &amp; Classic Porsche Specialist in Krak\u00f3w\" \/>\n<meta property=\"article:publisher\" content=\"https:\/\/www.facebook.com\/voytech.auto\" \/>\n<meta property=\"article:modified_time\" content=\"2026-04-14T23:26:12+00:00\" \/>\n<meta name=\"twitter:card\" content=\"summary_large_image\" \/>\n<meta name=\"twitter:label1\" content=\"Szacowany czas czytania\" \/>\n\t<meta name=\"twitter:data1\" content=\"2 minuty\" \/>\n<script type=\"application\/ld+json\" class=\"yoast-schema-graph\">{\"@context\":\"https:\\\/\\\/schema.org\",\"@graph\":[{\"@type\":\"WebPage\",\"@id\":\"https:\\\/\\\/voytechauto.com\\\/pl\\\/uslugi\\\/\",\"url\":\"https:\\\/\\\/voytechauto.com\\\/pl\\\/uslugi\\\/\",\"name\":\"Us\u0142ugi - Transaxle &amp; Classic Porsche Specialist in Krak\u00f3w\",\"isPartOf\":{\"@id\":\"https:\\\/\\\/voytechauto.com\\\/pl\\\/#website\"},\"datePublished\":\"2026-01-22T11:58:20+00:00\",\"dateModified\":\"2026-04-14T23:26:12+00:00\",\"breadcrumb\":{\"@id\":\"https:\\\/\\\/voytechauto.com\\\/pl\\\/uslugi\\\/#breadcrumb\"},\"inLanguage\":\"pl-PL\",\"potentialAction\":[{\"@type\":\"ReadAction\",\"target\":[\"https:\\\/\\\/voytechauto.com\\\/pl\\\/uslugi\\\/\"]}]},{\"@type\":\"BreadcrumbList\",\"@id\":\"https:\\\/\\\/voytechauto.com\\\/pl\\\/uslugi\\\/#breadcrumb\",\"itemListElement\":[{\"@type\":\"ListItem\",\"position\":1,\"name\":\"Home\",\"item\":\"https:\\\/\\\/voytechauto.com\\\/pl\\\/\"},{\"@type\":\"ListItem\",\"position\":2,\"name\":\"Us\u0142ugi\"}]},{\"@type\":\"WebSite\",\"@id\":\"https:\\\/\\\/voytechauto.com\\\/pl\\\/#website\",\"url\":\"https:\\\/\\\/voytechauto.com\\\/pl\\\/\",\"name\":\"Voytech Auto \u2013 Transaxle Porsche & Classic 911 Specialist in Krak\u00f3w\",\"description\":\"\",\"publisher\":{\"@id\":\"https:\\\/\\\/voytechauto.com\\\/pl\\\/#organization\"},\"potentialAction\":[{\"@type\":\"SearchAction\",\"target\":{\"@type\":\"EntryPoint\",\"urlTemplate\":\"https:\\\/\\\/voytechauto.com\\\/pl\\\/?s={search_term_string}\"},\"query-input\":{\"@type\":\"PropertyValueSpecification\",\"valueRequired\":true,\"valueName\":\"search_term_string\"}}],\"inLanguage\":\"pl-PL\"},{\"@type\":\"Organization\",\"@id\":\"https:\\\/\\\/voytechauto.com\\\/pl\\\/#organization\",\"name\":\"Voytech Auto \u2013 Transaxle Porsche & Classic 911 Specialist in Krak\u00f3w\",\"url\":\"https:\\\/\\\/voytechauto.com\\\/pl\\\/\",\"logo\":{\"@type\":\"ImageObject\",\"inLanguage\":\"pl-PL\",\"@id\":\"https:\\\/\\\/voytechauto.com\\\/pl\\\/#\\\/schema\\\/logo\\\/image\\\/\",\"url\":\"https:\\\/\\\/voytechauto.com\\\/wp-content\\\/uploads\\\/2025\\\/03\\\/VOYTECH-LOGO-1.png\",\"contentUrl\":\"https:\\\/\\\/voytechauto.com\\\/wp-content\\\/uploads\\\/2025\\\/03\\\/VOYTECH-LOGO-1.png\",\"width\":215,\"height\":28,\"caption\":\"Voytech Auto \u2013 Transaxle Porsche & Classic 911 Specialist in Krak\u00f3w\"},\"image\":{\"@id\":\"https:\\\/\\\/voytechauto.com\\\/pl\\\/#\\\/schema\\\/logo\\\/image\\\/\"},\"sameAs\":[\"https:\\\/\\\/www.facebook.com\\\/voytech.auto\",\"https:\\\/\\\/www.instagram.com\\\/voytech_auto\\\/\"]}]}<\/script>\n<!-- \/ Yoast SEO plugin. -->","yoast_head_json":{"title":"Us\u0142ugi - Transaxle &amp; Classic Porsche Specialist in Krak\u00f3w","robots":{"index":"index","follow":"follow","max-snippet":"max-snippet:-1","max-image-preview":"max-image-preview:large","max-video-preview":"max-video-preview:-1"},"canonical":"https:\/\/voytechauto.com\/pl\/uslugi\/","og_locale":"pl_PL","og_type":"article","og_title":"Us\u0142ugi - Transaxle &amp; Classic Porsche Specialist in Krak\u00f3w","og_description":"Oferujemy pe\u0142en serwis dla Twojego ukochanego samochodu. Nasi wykwalifikowani technicy zajmuj\u0105 si\u0119 wymian\u0105 wszystkich p\u0142yn\u00f3w, przeprowadzaj\u0105 dok\u0142adne kontrole i wymiany hamulc\u00f3w, sprawdzaj\u0105 kompresj\u0119 silnika, je\u015bli jest to konieczne oraz fachowo rozwi\u0105zuj\u0105 wszelkie problemy elektryczne, jakie mo\u017ce mie\u0107 Tw\u00f3j pojazd. Robimy wszystko, aby zapewni\u0107 optymaln\u0105 wydajno\u015b\u0107 i bezpiecze\u0144stwo Twojego samochodu. asze kompleksowe us\u0142ugi restauracji samochod\u00f3w obejmuj\u0105 [&hellip;]","og_url":"https:\/\/voytechauto.com\/pl\/uslugi\/","og_site_name":"Transaxle &amp; Classic Porsche Specialist in Krak\u00f3w","article_publisher":"https:\/\/www.facebook.com\/voytech.auto","article_modified_time":"2026-04-14T23:26:12+00:00","twitter_card":"summary_large_image","twitter_misc":{"Szacowany czas czytania":"2 minuty"},"schema":{"@context":"https:\/\/schema.org","@graph":[{"@type":"WebPage","@id":"https:\/\/voytechauto.com\/pl\/uslugi\/","url":"https:\/\/voytechauto.com\/pl\/uslugi\/","name":"Us\u0142ugi - Transaxle &amp; Classic Porsche Specialist in Krak\u00f3w","isPartOf":{"@id":"https:\/\/voytechauto.com\/pl\/#website"},"datePublished":"2026-01-22T11:58:20+00:00","dateModified":"2026-04-14T23:26:12+00:00","breadcrumb":{"@id":"https:\/\/voytechauto.com\/pl\/uslugi\/#breadcrumb"},"inLanguage":"pl-PL","potentialAction":[{"@type":"ReadAction","target":["https:\/\/voytechauto.com\/pl\/uslugi\/"]}]},{"@type":"BreadcrumbList","@id":"https:\/\/voytechauto.com\/pl\/uslugi\/#breadcrumb","itemListElement":[{"@type":"ListItem","position":1,"name":"Home","item":"https:\/\/voytechauto.com\/pl\/"},{"@type":"ListItem","position":2,"name":"Us\u0142ugi"}]},{"@type":"WebSite","@id":"https:\/\/voytechauto.com\/pl\/#website","url":"https:\/\/voytechauto.com\/pl\/","name":"Voytech Auto \u2013 Transaxle Porsche & Classic 911 Specialist in Krak\u00f3w","description":"","publisher":{"@id":"https:\/\/voytechauto.com\/pl\/#organization"},"potentialAction":[{"@type":"SearchAction","target":{"@type":"EntryPoint","urlTemplate":"https:\/\/voytechauto.com\/pl\/?s={search_term_string}"},"query-input":{"@type":"PropertyValueSpecification","valueRequired":true,"valueName":"search_term_string"}}],"inLanguage":"pl-PL"},{"@type":"Organization","@id":"https:\/\/voytechauto.com\/pl\/#organization","name":"Voytech Auto \u2013 Transaxle Porsche & Classic 911 Specialist in Krak\u00f3w","url":"https:\/\/voytechauto.com\/pl\/","logo":{"@type":"ImageObject","inLanguage":"pl-PL","@id":"https:\/\/voytechauto.com\/pl\/#\/schema\/logo\/image\/","url":"https:\/\/voytechauto.com\/wp-content\/uploads\/2025\/03\/VOYTECH-LOGO-1.png","contentUrl":"https:\/\/voytechauto.com\/wp-content\/uploads\/2025\/03\/VOYTECH-LOGO-1.png","width":215,"height":28,"caption":"Voytech Auto \u2013 Transaxle Porsche & Classic 911 Specialist in Krak\u00f3w"},"image":{"@id":"https:\/\/voytechauto.com\/pl\/#\/schema\/logo\/image\/"},"sameAs":["https:\/\/www.facebook.com\/voytech.auto","https:\/\/www.instagram.com\/voytech_auto\/"]}]}},"_links":{"self":[{"href":"https:\/\/voytechauto.com\/pl\/wp-json\/wp\/v2\/pages\/2242","targetHints":{"allow":["GET"]}}],"collection":[{"href":"https:\/\/voytechauto.com\/pl\/wp-json\/wp\/v2\/pages"}],"about":[{"href":"https:\/\/voytechauto.com\/pl\/wp-json\/wp\/v2\/types\/page"}],"author":[{"embeddable":true,"href":"https:\/\/voytechauto.com\/pl\/wp-json\/wp\/v2\/users\/1"}],"replies":[{"embeddable":true,"href":"https:\/\/voytechauto.com\/pl\/wp-json\/wp\/v2\/comments?post=2242"}],"version-history":[{"count":2,"href":"https:\/\/voytechauto.com\/pl\/wp-json\/wp\/v2\/pages\/2242\/revisions"}],"predecessor-version":[{"id":2245,"href":"https:\/\/voytechauto.com\/pl\/wp-json\/wp\/v2\/pages\/2242\/revisions\/2245"}],"wp:attachment":[{"href":"https:\/\/voytechauto.com\/pl\/wp-json\/wp\/v2\/media?parent=2242"}],"curies":[{"name":"wp","href":"https:\/\/api.w.org\/{rel}","templated":true}]}}