{"id":2319,"date":"2026-04-14T18:13:45","date_gmt":"2026-04-14T16:13:45","guid":{"rendered":"https:\/\/voytechauto.com\/product\/czesc-do-924\/"},"modified":"2026-04-14T18:13:45","modified_gmt":"2026-04-14T16:13:45","slug":"czesc-do-924","status":"publish","type":"product","link":"https:\/\/voytechauto.com\/pl\/produkt\/czesc-do-924\/","title":{"rendered":"Cz\u0119\u015b\u0107 do 924"},"content":{"rendered":"<p>sdfd dsfljk adsfladj falkdsfa ldsaf<\/p>\n","protected":false},"excerpt":{"rendered":"<p>sdfd dsfljk adsfladj falkdsfa ldsaf<\/p>\n","protected":false},"featured_media":0,"template":"","meta":{"_stock_pool":"Voytech"},"product_brand":[],"product_cat":[151],"product_tag":[152,153],"class_list":{"0":"post-2319","1":"product","2":"type-product","3":"status-publish","5":"product_cat-silnik","6":"product_tag-porsche-924","7":"product_tag-porsche-928","9":"first","10":"instock","11":"taxable","12":"shipping-taxable","13":"purchasable","14":"product-type-simple"},"yoast_head":"<!-- This site is optimized with the Yoast SEO plugin v27.3 - https:\/\/yoast.com\/product\/yoast-seo-wordpress\/ -->\n<title>Cz\u0119\u015b\u0107 do 924 - Transaxle &amp; Classic Porsche Specialist in Krak\u00f3w<\/title>\n<meta name=\"robots\" content=\"index, follow, max-snippet:-1, max-image-preview:large, max-video-preview:-1\" \/>\n<link rel=\"canonical\" href=\"https:\/\/voytechauto.com\/pl\/produkt\/czesc-do-924\/\" \/>\n<meta property=\"og:locale\" content=\"pl_PL\" \/>\n<meta property=\"og:type\" content=\"article\" \/>\n<meta property=\"og:title\" content=\"Cz\u0119\u015b\u0107 do 924 - Transaxle &amp; Classic Porsche Specialist in Krak\u00f3w\" \/>\n<meta property=\"og:description\" content=\"sdfd dsfljk adsfladj falkdsfa ldsaf\" \/>\n<meta property=\"og:url\" content=\"https:\/\/voytechauto.com\/pl\/produkt\/czesc-do-924\/\" \/>\n<meta property=\"og:site_name\" content=\"Transaxle &amp; Classic Porsche Specialist in Krak\u00f3w\" \/>\n<meta property=\"article:publisher\" content=\"https:\/\/www.facebook.com\/voytech.auto\" \/>\n<meta property=\"og:image\" content=\"https:\/\/voytechauto.com\/wp-content\/uploads\/2026\/04\/turbo_1-600x600-1.jpg\" \/>\n\t<meta property=\"og:image:width\" content=\"600\" \/>\n\t<meta property=\"og:image:height\" content=\"600\" \/>\n\t<meta property=\"og:image:type\" content=\"image\/jpeg\" \/>\n<meta name=\"twitter:card\" content=\"summary_large_image\" \/>\n<script type=\"application\/ld+json\" class=\"yoast-schema-graph\">{\"@context\":\"https:\\\/\\\/schema.org\",\"@graph\":[{\"@type\":\"WebPage\",\"@id\":\"https:\\\/\\\/voytechauto.com\\\/pl\\\/produkt\\\/czesc-do-924\\\/\",\"url\":\"https:\\\/\\\/voytechauto.com\\\/pl\\\/produkt\\\/czesc-do-924\\\/\",\"name\":\"Cz\u0119\u015b\u0107 do 924 - Transaxle &amp; Classic Porsche Specialist in Krak\u00f3w\",\"isPartOf\":{\"@id\":\"https:\\\/\\\/voytechauto.com\\\/pl\\\/#website\"},\"datePublished\":\"2026-04-14T16:13:45+00:00\",\"breadcrumb\":{\"@id\":\"https:\\\/\\\/voytechauto.com\\\/pl\\\/produkt\\\/czesc-do-924\\\/#breadcrumb\"},\"inLanguage\":\"pl-PL\",\"potentialAction\":[{\"@type\":\"ReadAction\",\"target\":[\"https:\\\/\\\/voytechauto.com\\\/pl\\\/produkt\\\/czesc-do-924\\\/\"]}]},{\"@type\":\"BreadcrumbList\",\"@id\":\"https:\\\/\\\/voytechauto.com\\\/pl\\\/produkt\\\/czesc-do-924\\\/#breadcrumb\",\"itemListElement\":[{\"@type\":\"ListItem\",\"position\":1,\"name\":\"Home\",\"item\":\"https:\\\/\\\/voytechauto.com\\\/pl\\\/\"},{\"@type\":\"ListItem\",\"position\":2,\"name\":\"Sklep\",\"item\":\"https:\\\/\\\/voytechauto.com\\\/pl\\\/sklep\\\/\"},{\"@type\":\"ListItem\",\"position\":3,\"name\":\"Cz\u0119\u015b\u0107 do 924\"}]},{\"@type\":\"WebSite\",\"@id\":\"https:\\\/\\\/voytechauto.com\\\/pl\\\/#website\",\"url\":\"https:\\\/\\\/voytechauto.com\\\/pl\\\/\",\"name\":\"Voytech Auto \u2013 Transaxle Porsche & Classic 911 Specialist in Krak\u00f3w\",\"description\":\"\",\"publisher\":{\"@id\":\"https:\\\/\\\/voytechauto.com\\\/pl\\\/#organization\"},\"potentialAction\":[{\"@type\":\"SearchAction\",\"target\":{\"@type\":\"EntryPoint\",\"urlTemplate\":\"https:\\\/\\\/voytechauto.com\\\/pl\\\/?s={search_term_string}\"},\"query-input\":{\"@type\":\"PropertyValueSpecification\",\"valueRequired\":true,\"valueName\":\"search_term_string\"}}],\"inLanguage\":\"pl-PL\"},{\"@type\":\"Organization\",\"@id\":\"https:\\\/\\\/voytechauto.com\\\/pl\\\/#organization\",\"name\":\"Voytech Auto \u2013 Transaxle Porsche & Classic 911 Specialist in Krak\u00f3w\",\"url\":\"https:\\\/\\\/voytechauto.com\\\/pl\\\/\",\"logo\":{\"@type\":\"ImageObject\",\"inLanguage\":\"pl-PL\",\"@id\":\"https:\\\/\\\/voytechauto.com\\\/pl\\\/#\\\/schema\\\/logo\\\/image\\\/\",\"url\":\"https:\\\/\\\/voytechauto.com\\\/wp-content\\\/uploads\\\/2025\\\/03\\\/VOYTECH-LOGO-1.png\",\"contentUrl\":\"https:\\\/\\\/voytechauto.com\\\/wp-content\\\/uploads\\\/2025\\\/03\\\/VOYTECH-LOGO-1.png\",\"width\":215,\"height\":28,\"caption\":\"Voytech Auto \u2013 Transaxle Porsche & Classic 911 Specialist in Krak\u00f3w\"},\"image\":{\"@id\":\"https:\\\/\\\/voytechauto.com\\\/pl\\\/#\\\/schema\\\/logo\\\/image\\\/\"},\"sameAs\":[\"https:\\\/\\\/www.facebook.com\\\/voytech.auto\",\"https:\\\/\\\/www.instagram.com\\\/voytech_auto\\\/\"]}]}<\/script>\n<!-- \/ Yoast SEO plugin. -->","yoast_head_json":{"title":"Cz\u0119\u015b\u0107 do 924 - Transaxle &amp; Classic Porsche Specialist in Krak\u00f3w","robots":{"index":"index","follow":"follow","max-snippet":"max-snippet:-1","max-image-preview":"max-image-preview:large","max-video-preview":"max-video-preview:-1"},"canonical":"https:\/\/voytechauto.com\/pl\/produkt\/czesc-do-924\/","og_locale":"pl_PL","og_type":"article","og_title":"Cz\u0119\u015b\u0107 do 924 - Transaxle &amp; Classic Porsche Specialist in Krak\u00f3w","og_description":"sdfd dsfljk adsfladj falkdsfa ldsaf","og_url":"https:\/\/voytechauto.com\/pl\/produkt\/czesc-do-924\/","og_site_name":"Transaxle &amp; Classic Porsche Specialist in Krak\u00f3w","article_publisher":"https:\/\/www.facebook.com\/voytech.auto","og_image":[{"width":600,"height":600,"url":"https:\/\/voytechauto.com\/wp-content\/uploads\/2026\/04\/turbo_1-600x600-1.jpg","type":"image\/jpeg"}],"twitter_card":"summary_large_image","schema":{"@context":"https:\/\/schema.org","@graph":[{"@type":"WebPage","@id":"https:\/\/voytechauto.com\/pl\/produkt\/czesc-do-924\/","url":"https:\/\/voytechauto.com\/pl\/produkt\/czesc-do-924\/","name":"Cz\u0119\u015b\u0107 do 924 - Transaxle &amp; Classic Porsche Specialist in Krak\u00f3w","isPartOf":{"@id":"https:\/\/voytechauto.com\/pl\/#website"},"datePublished":"2026-04-14T16:13:45+00:00","breadcrumb":{"@id":"https:\/\/voytechauto.com\/pl\/produkt\/czesc-do-924\/#breadcrumb"},"inLanguage":"pl-PL","potentialAction":[{"@type":"ReadAction","target":["https:\/\/voytechauto.com\/pl\/produkt\/czesc-do-924\/"]}]},{"@type":"BreadcrumbList","@id":"https:\/\/voytechauto.com\/pl\/produkt\/czesc-do-924\/#breadcrumb","itemListElement":[{"@type":"ListItem","position":1,"name":"Home","item":"https:\/\/voytechauto.com\/pl\/"},{"@type":"ListItem","position":2,"name":"Sklep","item":"https:\/\/voytechauto.com\/pl\/sklep\/"},{"@type":"ListItem","position":3,"name":"Cz\u0119\u015b\u0107 do 924"}]},{"@type":"WebSite","@id":"https:\/\/voytechauto.com\/pl\/#website","url":"https:\/\/voytechauto.com\/pl\/","name":"Voytech Auto \u2013 Transaxle Porsche & Classic 911 Specialist in Krak\u00f3w","description":"","publisher":{"@id":"https:\/\/voytechauto.com\/pl\/#organization"},"potentialAction":[{"@type":"SearchAction","target":{"@type":"EntryPoint","urlTemplate":"https:\/\/voytechauto.com\/pl\/?s={search_term_string}"},"query-input":{"@type":"PropertyValueSpecification","valueRequired":true,"valueName":"search_term_string"}}],"inLanguage":"pl-PL"},{"@type":"Organization","@id":"https:\/\/voytechauto.com\/pl\/#organization","name":"Voytech Auto \u2013 Transaxle Porsche & Classic 911 Specialist in Krak\u00f3w","url":"https:\/\/voytechauto.com\/pl\/","logo":{"@type":"ImageObject","inLanguage":"pl-PL","@id":"https:\/\/voytechauto.com\/pl\/#\/schema\/logo\/image\/","url":"https:\/\/voytechauto.com\/wp-content\/uploads\/2025\/03\/VOYTECH-LOGO-1.png","contentUrl":"https:\/\/voytechauto.com\/wp-content\/uploads\/2025\/03\/VOYTECH-LOGO-1.png","width":215,"height":28,"caption":"Voytech Auto \u2013 Transaxle Porsche & Classic 911 Specialist in Krak\u00f3w"},"image":{"@id":"https:\/\/voytechauto.com\/pl\/#\/schema\/logo\/image\/"},"sameAs":["https:\/\/www.facebook.com\/voytech.auto","https:\/\/www.instagram.com\/voytech_auto\/"]}]}},"_links":{"self":[{"href":"https:\/\/voytechauto.com\/pl\/wp-json\/wp\/v2\/product\/2319","targetHints":{"allow":["GET"]}}],"collection":[{"href":"https:\/\/voytechauto.com\/pl\/wp-json\/wp\/v2\/product"}],"about":[{"href":"https:\/\/voytechauto.com\/pl\/wp-json\/wp\/v2\/types\/product"}],"wp:attachment":[{"href":"https:\/\/voytechauto.com\/pl\/wp-json\/wp\/v2\/media?parent=2319"}],"wp:term":[{"taxonomy":"product_brand","embeddable":true,"href":"https:\/\/voytechauto.com\/pl\/wp-json\/wp\/v2\/product_brand?post=2319"},{"taxonomy":"product_cat","embeddable":true,"href":"https:\/\/voytechauto.com\/pl\/wp-json\/wp\/v2\/product_cat?post=2319"},{"taxonomy":"product_tag","embeddable":true,"href":"https:\/\/voytechauto.com\/pl\/wp-json\/wp\/v2\/product_tag?post=2319"}],"curies":[{"name":"wp","href":"https:\/\/api.w.org\/{rel}","templated":true}]}}