{"id":2419,"date":"2026-04-24T13:34:33","date_gmt":"2026-04-24T11:34:33","guid":{"rendered":"https:\/\/voytechauto.com\/product\/porsche-924-porsche-944-mechanizm-wycieraczek-z-silnikiem-477955041b-szybszy\/"},"modified":"2026-04-28T07:51:31","modified_gmt":"2026-04-28T05:51:31","slug":"porsche-924-porsche-944-mechanizm-wycieraczek-z-silnikiem-477955041b-szybszy","status":"publish","type":"product","link":"https:\/\/voytechauto.com\/pl\/produkt\/porsche-924-porsche-944-mechanizm-wycieraczek-z-silnikiem-477955041b-szybszy\/","title":{"rendered":"Porsche 924, 944, mechanizm wycieraczek z silnikiem 477955041B SZYBSZY"},"content":{"rendered":"<p>Oferujemy Pa\u0144stwu w pe\u0142ni zregenerowany mechanizm wycieraczek, wraz z silnikiem o zwi\u0119kszonej pr\u0119dko\u015bci, do modeli Porsche 924 oraz 944 pierwszej generacji.<\/p>\n<p>Jako warsztat specjalizuj\u0105cy si\u0119 w klasycznych Porsche, szczeg\u00f3lnie skupiamy si\u0119 na poprawianiu oryginalnych wad fabrycznych. Nie tylko zachowali\u015bmy mechanizm, ale tak\u017ce skutecznie zwi\u0119kszyli\u015bmy pr\u0119dko\u015b\u0107 wycieraczek, aby jazda w deszczu by\u0142a bezpieczniejsza i bardziej praktyczna. Ka\u017cdy, kto jecha\u0142 z oryginalnym zestawem w ulewnym deszczu, zrozumie, \u017ce ta modyfikacja jest ostatecznym rozwi\u0105zaniem.<\/p>\n<p>Naturalnie, nasza modyfikacja zosta\u0142a zaprojektowana do prostej instalacji typu \u201eplug-and-play\u201d.<\/p>\n<p>Jeste\u015bmy tak pewni naszej pracy, \u017ce udzielamy rocznej gwarancji.<\/p>\n","protected":false},"excerpt":{"rendered":"<p>Oferujemy Pa\u0144stwu w pe\u0142ni zregenerowany mechanizm wycieraczek, wraz z silnikiem o zwi\u0119kszonej pr\u0119dko\u015bci, do modeli Porsche 924 oraz 944 pierwszej generacji. Jako warsztat specjalizuj\u0105cy si\u0119 w klasycznych Porsche, szczeg\u00f3lnie skupiamy si\u0119 na poprawianiu oryginalnych wad fabrycznych. Nie tylko zachowali\u015bmy mechanizm, ale tak\u017ce skutecznie zwi\u0119kszyli\u015bmy pr\u0119dko\u015b\u0107 wycieraczek, aby jazda w deszczu by\u0142a bezpieczniejsza i bardziej praktyczna. [&hellip;]<\/p>\n","protected":false},"featured_media":2472,"template":"","meta":{"_stock_pool":"Voytech"},"product_brand":[],"product_cat":[160],"product_tag":[152,161],"class_list":{"0":"post-2419","1":"product","2":"type-product","3":"status-publish","4":"has-post-thumbnail","6":"product_cat-wyposazenie-elektryczne","7":"product_tag-porsche-924","8":"product_tag-porsche-944","10":"first","11":"instock","12":"taxable","13":"shipping-taxable","14":"purchasable","15":"product-type-simple"},"yoast_head":"<!-- This site is optimized with the Yoast SEO plugin v27.3 - https:\/\/yoast.com\/product\/yoast-seo-wordpress\/ -->\n<title>Porsche 924, 944, mechanizm wycieraczek z silnikiem 477955041B SZYBSZY - Transaxle &amp; Classic Porsche Specialist in Krak\u00f3w<\/title>\n<meta name=\"robots\" content=\"index, follow, max-snippet:-1, max-image-preview:large, max-video-preview:-1\" \/>\n<link rel=\"canonical\" href=\"https:\/\/voytechauto.com\/pl\/produkt\/porsche-924-porsche-944-mechanizm-wycieraczek-z-silnikiem-477955041b-szybszy\/\" \/>\n<meta property=\"og:locale\" content=\"pl_PL\" \/>\n<meta property=\"og:type\" content=\"article\" \/>\n<meta property=\"og:title\" content=\"Porsche 924, 944, mechanizm wycieraczek z silnikiem 477955041B SZYBSZY - Transaxle &amp; Classic Porsche Specialist in Krak\u00f3w\" \/>\n<meta property=\"og:description\" content=\"Oferujemy Pa\u0144stwu w pe\u0142ni zregenerowany mechanizm wycieraczek, wraz z silnikiem o zwi\u0119kszonej pr\u0119dko\u015bci, do modeli Porsche 924 oraz 944 pierwszej generacji. Jako warsztat specjalizuj\u0105cy si\u0119 w klasycznych Porsche, szczeg\u00f3lnie skupiamy si\u0119 na poprawianiu oryginalnych wad fabrycznych. Nie tylko zachowali\u015bmy mechanizm, ale tak\u017ce skutecznie zwi\u0119kszyli\u015bmy pr\u0119dko\u015b\u0107 wycieraczek, aby jazda w deszczu by\u0142a bezpieczniejsza i bardziej praktyczna. [&hellip;]\" \/>\n<meta property=\"og:url\" content=\"https:\/\/voytechauto.com\/pl\/produkt\/porsche-924-porsche-944-mechanizm-wycieraczek-z-silnikiem-477955041b-szybszy\/\" \/>\n<meta property=\"og:site_name\" content=\"Transaxle &amp; Classic Porsche Specialist in Krak\u00f3w\" \/>\n<meta property=\"article:publisher\" content=\"https:\/\/www.facebook.com\/voytech.auto\" \/>\n<meta property=\"article:modified_time\" content=\"2026-04-28T05:51:31+00:00\" \/>\n<meta property=\"og:image\" content=\"https:\/\/voytechauto.com\/wp-content\/uploads\/2026\/04\/1.png\" \/>\n\t<meta property=\"og:image:width\" content=\"512\" \/>\n\t<meta property=\"og:image:height\" content=\"440\" \/>\n\t<meta property=\"og:image:type\" content=\"image\/png\" \/>\n<meta name=\"twitter:card\" content=\"summary_large_image\" \/>\n<meta name=\"twitter:label1\" content=\"Szacowany czas czytania\" \/>\n\t<meta name=\"twitter:data1\" content=\"1 minuta\" \/>\n<script type=\"application\/ld+json\" class=\"yoast-schema-graph\">{\"@context\":\"https:\\\/\\\/schema.org\",\"@graph\":[{\"@type\":\"WebPage\",\"@id\":\"https:\\\/\\\/voytechauto.com\\\/pl\\\/produkt\\\/porsche-924-porsche-944-mechanizm-wycieraczek-z-silnikiem-477955041b-szybszy\\\/\",\"url\":\"https:\\\/\\\/voytechauto.com\\\/pl\\\/produkt\\\/porsche-924-porsche-944-mechanizm-wycieraczek-z-silnikiem-477955041b-szybszy\\\/\",\"name\":\"Porsche 924, 944, mechanizm wycieraczek z silnikiem 477955041B SZYBSZY - Transaxle &amp; Classic Porsche Specialist in Krak\u00f3w\",\"isPartOf\":{\"@id\":\"https:\\\/\\\/voytechauto.com\\\/pl\\\/#website\"},\"primaryImageOfPage\":{\"@id\":\"https:\\\/\\\/voytechauto.com\\\/pl\\\/produkt\\\/porsche-924-porsche-944-mechanizm-wycieraczek-z-silnikiem-477955041b-szybszy\\\/#primaryimage\"},\"image\":{\"@id\":\"https:\\\/\\\/voytechauto.com\\\/pl\\\/produkt\\\/porsche-924-porsche-944-mechanizm-wycieraczek-z-silnikiem-477955041b-szybszy\\\/#primaryimage\"},\"thumbnailUrl\":\"https:\\\/\\\/voytechauto.com\\\/wp-content\\\/uploads\\\/2026\\\/04\\\/1.png\",\"datePublished\":\"2026-04-24T11:34:33+00:00\",\"dateModified\":\"2026-04-28T05:51:31+00:00\",\"breadcrumb\":{\"@id\":\"https:\\\/\\\/voytechauto.com\\\/pl\\\/produkt\\\/porsche-924-porsche-944-mechanizm-wycieraczek-z-silnikiem-477955041b-szybszy\\\/#breadcrumb\"},\"inLanguage\":\"pl-PL\",\"potentialAction\":[{\"@type\":\"ReadAction\",\"target\":[\"https:\\\/\\\/voytechauto.com\\\/pl\\\/produkt\\\/porsche-924-porsche-944-mechanizm-wycieraczek-z-silnikiem-477955041b-szybszy\\\/\"]}]},{\"@type\":\"ImageObject\",\"inLanguage\":\"pl-PL\",\"@id\":\"https:\\\/\\\/voytechauto.com\\\/pl\\\/produkt\\\/porsche-924-porsche-944-mechanizm-wycieraczek-z-silnikiem-477955041b-szybszy\\\/#primaryimage\",\"url\":\"https:\\\/\\\/voytechauto.com\\\/wp-content\\\/uploads\\\/2026\\\/04\\\/1.png\",\"contentUrl\":\"https:\\\/\\\/voytechauto.com\\\/wp-content\\\/uploads\\\/2026\\\/04\\\/1.png\",\"width\":512,\"height\":440},{\"@type\":\"BreadcrumbList\",\"@id\":\"https:\\\/\\\/voytechauto.com\\\/pl\\\/produkt\\\/porsche-924-porsche-944-mechanizm-wycieraczek-z-silnikiem-477955041b-szybszy\\\/#breadcrumb\",\"itemListElement\":[{\"@type\":\"ListItem\",\"position\":1,\"name\":\"Home\",\"item\":\"https:\\\/\\\/voytechauto.com\\\/pl\\\/\"},{\"@type\":\"ListItem\",\"position\":2,\"name\":\"Sklep\",\"item\":\"https:\\\/\\\/voytechauto.com\\\/pl\\\/sklep\\\/\"},{\"@type\":\"ListItem\",\"position\":3,\"name\":\"Porsche 924, 944, mechanizm wycieraczek z silnikiem 477955041B SZYBSZY\"}]},{\"@type\":\"WebSite\",\"@id\":\"https:\\\/\\\/voytechauto.com\\\/pl\\\/#website\",\"url\":\"https:\\\/\\\/voytechauto.com\\\/pl\\\/\",\"name\":\"Voytech Auto \u2013 Transaxle Porsche & Classic 911 Specialist in Krak\u00f3w\",\"description\":\"\",\"publisher\":{\"@id\":\"https:\\\/\\\/voytechauto.com\\\/pl\\\/#organization\"},\"potentialAction\":[{\"@type\":\"SearchAction\",\"target\":{\"@type\":\"EntryPoint\",\"urlTemplate\":\"https:\\\/\\\/voytechauto.com\\\/pl\\\/?s={search_term_string}\"},\"query-input\":{\"@type\":\"PropertyValueSpecification\",\"valueRequired\":true,\"valueName\":\"search_term_string\"}}],\"inLanguage\":\"pl-PL\"},{\"@type\":\"Organization\",\"@id\":\"https:\\\/\\\/voytechauto.com\\\/pl\\\/#organization\",\"name\":\"Voytech Auto \u2013 Transaxle Porsche & Classic 911 Specialist in Krak\u00f3w\",\"url\":\"https:\\\/\\\/voytechauto.com\\\/pl\\\/\",\"logo\":{\"@type\":\"ImageObject\",\"inLanguage\":\"pl-PL\",\"@id\":\"https:\\\/\\\/voytechauto.com\\\/pl\\\/#\\\/schema\\\/logo\\\/image\\\/\",\"url\":\"https:\\\/\\\/voytechauto.com\\\/wp-content\\\/uploads\\\/2025\\\/03\\\/VOYTECH-LOGO-1.png\",\"contentUrl\":\"https:\\\/\\\/voytechauto.com\\\/wp-content\\\/uploads\\\/2025\\\/03\\\/VOYTECH-LOGO-1.png\",\"width\":215,\"height\":28,\"caption\":\"Voytech Auto \u2013 Transaxle Porsche & Classic 911 Specialist in Krak\u00f3w\"},\"image\":{\"@id\":\"https:\\\/\\\/voytechauto.com\\\/pl\\\/#\\\/schema\\\/logo\\\/image\\\/\"},\"sameAs\":[\"https:\\\/\\\/www.facebook.com\\\/voytech.auto\",\"https:\\\/\\\/www.instagram.com\\\/voytech_auto\\\/\"]}]}<\/script>\n<!-- \/ Yoast SEO plugin. -->","yoast_head_json":{"title":"Porsche 924, 944, mechanizm wycieraczek z silnikiem 477955041B SZYBSZY - Transaxle &amp; Classic Porsche Specialist in Krak\u00f3w","robots":{"index":"index","follow":"follow","max-snippet":"max-snippet:-1","max-image-preview":"max-image-preview:large","max-video-preview":"max-video-preview:-1"},"canonical":"https:\/\/voytechauto.com\/pl\/produkt\/porsche-924-porsche-944-mechanizm-wycieraczek-z-silnikiem-477955041b-szybszy\/","og_locale":"pl_PL","og_type":"article","og_title":"Porsche 924, 944, mechanizm wycieraczek z silnikiem 477955041B SZYBSZY - Transaxle &amp; Classic Porsche Specialist in Krak\u00f3w","og_description":"Oferujemy Pa\u0144stwu w pe\u0142ni zregenerowany mechanizm wycieraczek, wraz z silnikiem o zwi\u0119kszonej pr\u0119dko\u015bci, do modeli Porsche 924 oraz 944 pierwszej generacji. Jako warsztat specjalizuj\u0105cy si\u0119 w klasycznych Porsche, szczeg\u00f3lnie skupiamy si\u0119 na poprawianiu oryginalnych wad fabrycznych. Nie tylko zachowali\u015bmy mechanizm, ale tak\u017ce skutecznie zwi\u0119kszyli\u015bmy pr\u0119dko\u015b\u0107 wycieraczek, aby jazda w deszczu by\u0142a bezpieczniejsza i bardziej praktyczna. [&hellip;]","og_url":"https:\/\/voytechauto.com\/pl\/produkt\/porsche-924-porsche-944-mechanizm-wycieraczek-z-silnikiem-477955041b-szybszy\/","og_site_name":"Transaxle &amp; Classic Porsche Specialist in Krak\u00f3w","article_publisher":"https:\/\/www.facebook.com\/voytech.auto","article_modified_time":"2026-04-28T05:51:31+00:00","og_image":[{"width":512,"height":440,"url":"https:\/\/voytechauto.com\/wp-content\/uploads\/2026\/04\/1.png","type":"image\/png"}],"twitter_card":"summary_large_image","twitter_misc":{"Szacowany czas czytania":"1 minuta"},"schema":{"@context":"https:\/\/schema.org","@graph":[{"@type":"WebPage","@id":"https:\/\/voytechauto.com\/pl\/produkt\/porsche-924-porsche-944-mechanizm-wycieraczek-z-silnikiem-477955041b-szybszy\/","url":"https:\/\/voytechauto.com\/pl\/produkt\/porsche-924-porsche-944-mechanizm-wycieraczek-z-silnikiem-477955041b-szybszy\/","name":"Porsche 924, 944, mechanizm wycieraczek z silnikiem 477955041B SZYBSZY - Transaxle &amp; Classic Porsche Specialist in Krak\u00f3w","isPartOf":{"@id":"https:\/\/voytechauto.com\/pl\/#website"},"primaryImageOfPage":{"@id":"https:\/\/voytechauto.com\/pl\/produkt\/porsche-924-porsche-944-mechanizm-wycieraczek-z-silnikiem-477955041b-szybszy\/#primaryimage"},"image":{"@id":"https:\/\/voytechauto.com\/pl\/produkt\/porsche-924-porsche-944-mechanizm-wycieraczek-z-silnikiem-477955041b-szybszy\/#primaryimage"},"thumbnailUrl":"https:\/\/voytechauto.com\/wp-content\/uploads\/2026\/04\/1.png","datePublished":"2026-04-24T11:34:33+00:00","dateModified":"2026-04-28T05:51:31+00:00","breadcrumb":{"@id":"https:\/\/voytechauto.com\/pl\/produkt\/porsche-924-porsche-944-mechanizm-wycieraczek-z-silnikiem-477955041b-szybszy\/#breadcrumb"},"inLanguage":"pl-PL","potentialAction":[{"@type":"ReadAction","target":["https:\/\/voytechauto.com\/pl\/produkt\/porsche-924-porsche-944-mechanizm-wycieraczek-z-silnikiem-477955041b-szybszy\/"]}]},{"@type":"ImageObject","inLanguage":"pl-PL","@id":"https:\/\/voytechauto.com\/pl\/produkt\/porsche-924-porsche-944-mechanizm-wycieraczek-z-silnikiem-477955041b-szybszy\/#primaryimage","url":"https:\/\/voytechauto.com\/wp-content\/uploads\/2026\/04\/1.png","contentUrl":"https:\/\/voytechauto.com\/wp-content\/uploads\/2026\/04\/1.png","width":512,"height":440},{"@type":"BreadcrumbList","@id":"https:\/\/voytechauto.com\/pl\/produkt\/porsche-924-porsche-944-mechanizm-wycieraczek-z-silnikiem-477955041b-szybszy\/#breadcrumb","itemListElement":[{"@type":"ListItem","position":1,"name":"Home","item":"https:\/\/voytechauto.com\/pl\/"},{"@type":"ListItem","position":2,"name":"Sklep","item":"https:\/\/voytechauto.com\/pl\/sklep\/"},{"@type":"ListItem","position":3,"name":"Porsche 924, 944, mechanizm wycieraczek z silnikiem 477955041B SZYBSZY"}]},{"@type":"WebSite","@id":"https:\/\/voytechauto.com\/pl\/#website","url":"https:\/\/voytechauto.com\/pl\/","name":"Voytech Auto \u2013 Transaxle Porsche & Classic 911 Specialist in Krak\u00f3w","description":"","publisher":{"@id":"https:\/\/voytechauto.com\/pl\/#organization"},"potentialAction":[{"@type":"SearchAction","target":{"@type":"EntryPoint","urlTemplate":"https:\/\/voytechauto.com\/pl\/?s={search_term_string}"},"query-input":{"@type":"PropertyValueSpecification","valueRequired":true,"valueName":"search_term_string"}}],"inLanguage":"pl-PL"},{"@type":"Organization","@id":"https:\/\/voytechauto.com\/pl\/#organization","name":"Voytech Auto \u2013 Transaxle Porsche & Classic 911 Specialist in Krak\u00f3w","url":"https:\/\/voytechauto.com\/pl\/","logo":{"@type":"ImageObject","inLanguage":"pl-PL","@id":"https:\/\/voytechauto.com\/pl\/#\/schema\/logo\/image\/","url":"https:\/\/voytechauto.com\/wp-content\/uploads\/2025\/03\/VOYTECH-LOGO-1.png","contentUrl":"https:\/\/voytechauto.com\/wp-content\/uploads\/2025\/03\/VOYTECH-LOGO-1.png","width":215,"height":28,"caption":"Voytech Auto \u2013 Transaxle Porsche & Classic 911 Specialist in Krak\u00f3w"},"image":{"@id":"https:\/\/voytechauto.com\/pl\/#\/schema\/logo\/image\/"},"sameAs":["https:\/\/www.facebook.com\/voytech.auto","https:\/\/www.instagram.com\/voytech_auto\/"]}]}},"_links":{"self":[{"href":"https:\/\/voytechauto.com\/pl\/wp-json\/wp\/v2\/product\/2419","targetHints":{"allow":["GET"]}}],"collection":[{"href":"https:\/\/voytechauto.com\/pl\/wp-json\/wp\/v2\/product"}],"about":[{"href":"https:\/\/voytechauto.com\/pl\/wp-json\/wp\/v2\/types\/product"}],"wp:featuredmedia":[{"embeddable":true,"href":"https:\/\/voytechauto.com\/pl\/wp-json\/wp\/v2\/media\/2472"}],"wp:attachment":[{"href":"https:\/\/voytechauto.com\/pl\/wp-json\/wp\/v2\/media?parent=2419"}],"wp:term":[{"taxonomy":"product_brand","embeddable":true,"href":"https:\/\/voytechauto.com\/pl\/wp-json\/wp\/v2\/product_brand?post=2419"},{"taxonomy":"product_cat","embeddable":true,"href":"https:\/\/voytechauto.com\/pl\/wp-json\/wp\/v2\/product_cat?post=2419"},{"taxonomy":"product_tag","embeddable":true,"href":"https:\/\/voytechauto.com\/pl\/wp-json\/wp\/v2\/product_tag?post=2419"}],"curies":[{"name":"wp","href":"https:\/\/api.w.org\/{rel}","templated":true}]}}