{"id":2433,"date":"2026-04-24T14:03:24","date_gmt":"2026-04-24T12:03:24","guid":{"rendered":"https:\/\/voytechauto.com\/?post_type=product&#038;p=2433"},"modified":"2026-04-28T07:50:43","modified_gmt":"2026-04-28T05:50:43","slug":"tlumik-porsche-944-477-711-239","status":"publish","type":"product","link":"https:\/\/voytechauto.com\/pl\/produkt\/tlumik-porsche-944-477-711-239\/","title":{"rendered":"T\u0142umik Porsche 944 477 711 239"},"content":{"rendered":"<p>Oferujemy do sprzeda\u017cy oryginalny, u\u017cywany t\u0142umik d\u017awi\u0119ku do Porsche 944.<\/p>\n<p>Numer cz\u0119\u015bci OE Porsche: 477 711 239<\/p>\n<p>Dost\u0119pna jest wysy\u0142ka \u0142\u0105czona; prosimy o wiadomo\u015b\u0107 przed zakupem.<\/p>\n<p>Jeste\u015bmy warsztatem specjalizuj\u0105cym si\u0119 we wszystkich modelach Transaxle oraz klasycznych Porsche 911. W przypadku pyta\u0144 prosimy o kontakt.<br \/>\nwww.voytechauto.com<\/p>\n","protected":false},"excerpt":{"rendered":"<p>Oferujemy do sprzeda\u017cy oryginalny, u\u017cywany t\u0142umik d\u017awi\u0119ku do Porsche 944. Numer cz\u0119\u015bci OE Porsche: 477 711 239 Dost\u0119pna jest wysy\u0142ka \u0142\u0105czona; prosimy o wiadomo\u015b\u0107 przed zakupem. Jeste\u015bmy warsztatem specjalizuj\u0105cym si\u0119 we wszystkich modelach Transaxle oraz klasycznych Porsche 911. W przypadku pyta\u0144 prosimy o kontakt. www.voytechauto.com<\/p>\n","protected":false},"featured_media":2486,"template":"","meta":{"_stock_pool":"Voytech"},"product_brand":[],"product_cat":[197],"product_tag":[161],"class_list":{"0":"post-2433","1":"product","2":"type-product","3":"status-publish","4":"has-post-thumbnail","6":"product_cat-dzwignie-reczne-zespolu-pedalow","7":"product_tag-porsche-944","9":"first","10":"instock","11":"taxable","12":"shipping-taxable","13":"purchasable","14":"product-type-simple"},"yoast_head":"<!-- This site is optimized with the Yoast SEO plugin v27.3 - https:\/\/yoast.com\/product\/yoast-seo-wordpress\/ -->\n<title>T\u0142umik Porsche 944 477 711 239 - Transaxle &amp; Classic Porsche Specialist in Krak\u00f3w<\/title>\n<meta name=\"robots\" content=\"index, follow, max-snippet:-1, max-image-preview:large, max-video-preview:-1\" \/>\n<link rel=\"canonical\" href=\"https:\/\/voytechauto.com\/pl\/produkt\/tlumik-porsche-944-477-711-239\/\" \/>\n<meta property=\"og:locale\" content=\"pl_PL\" \/>\n<meta property=\"og:type\" content=\"article\" \/>\n<meta property=\"og:title\" content=\"T\u0142umik Porsche 944 477 711 239 - Transaxle &amp; Classic Porsche Specialist in Krak\u00f3w\" \/>\n<meta property=\"og:description\" content=\"Oferujemy do sprzeda\u017cy oryginalny, u\u017cywany t\u0142umik d\u017awi\u0119ku do Porsche 944. Numer cz\u0119\u015bci OE Porsche: 477 711 239 Dost\u0119pna jest wysy\u0142ka \u0142\u0105czona; prosimy o wiadomo\u015b\u0107 przed zakupem. Jeste\u015bmy warsztatem specjalizuj\u0105cym si\u0119 we wszystkich modelach Transaxle oraz klasycznych Porsche 911. W przypadku pyta\u0144 prosimy o kontakt. www.voytechauto.com\" \/>\n<meta property=\"og:url\" content=\"https:\/\/voytechauto.com\/pl\/produkt\/tlumik-porsche-944-477-711-239\/\" \/>\n<meta property=\"og:site_name\" content=\"Transaxle &amp; Classic Porsche Specialist in Krak\u00f3w\" \/>\n<meta property=\"article:publisher\" content=\"https:\/\/www.facebook.com\/voytech.auto\" \/>\n<meta property=\"article:modified_time\" content=\"2026-04-28T05:50:43+00:00\" \/>\n<meta property=\"og:image\" content=\"https:\/\/voytechauto.com\/wp-content\/uploads\/2026\/04\/1-4.png\" \/>\n\t<meta property=\"og:image:width\" content=\"512\" \/>\n\t<meta property=\"og:image:height\" content=\"440\" \/>\n\t<meta property=\"og:image:type\" content=\"image\/png\" \/>\n<meta name=\"twitter:card\" content=\"summary_large_image\" \/>\n<script type=\"application\/ld+json\" class=\"yoast-schema-graph\">{\"@context\":\"https:\\\/\\\/schema.org\",\"@graph\":[{\"@type\":\"WebPage\",\"@id\":\"https:\\\/\\\/voytechauto.com\\\/pl\\\/produkt\\\/tlumik-porsche-944-477-711-239\\\/\",\"url\":\"https:\\\/\\\/voytechauto.com\\\/pl\\\/produkt\\\/tlumik-porsche-944-477-711-239\\\/\",\"name\":\"T\u0142umik Porsche 944 477 711 239 - Transaxle &amp; Classic Porsche Specialist in Krak\u00f3w\",\"isPartOf\":{\"@id\":\"https:\\\/\\\/voytechauto.com\\\/pl\\\/#website\"},\"primaryImageOfPage\":{\"@id\":\"https:\\\/\\\/voytechauto.com\\\/pl\\\/produkt\\\/tlumik-porsche-944-477-711-239\\\/#primaryimage\"},\"image\":{\"@id\":\"https:\\\/\\\/voytechauto.com\\\/pl\\\/produkt\\\/tlumik-porsche-944-477-711-239\\\/#primaryimage\"},\"thumbnailUrl\":\"https:\\\/\\\/voytechauto.com\\\/wp-content\\\/uploads\\\/2026\\\/04\\\/1-4.png\",\"datePublished\":\"2026-04-24T12:03:24+00:00\",\"dateModified\":\"2026-04-28T05:50:43+00:00\",\"breadcrumb\":{\"@id\":\"https:\\\/\\\/voytechauto.com\\\/pl\\\/produkt\\\/tlumik-porsche-944-477-711-239\\\/#breadcrumb\"},\"inLanguage\":\"pl-PL\",\"potentialAction\":[{\"@type\":\"ReadAction\",\"target\":[\"https:\\\/\\\/voytechauto.com\\\/pl\\\/produkt\\\/tlumik-porsche-944-477-711-239\\\/\"]}]},{\"@type\":\"ImageObject\",\"inLanguage\":\"pl-PL\",\"@id\":\"https:\\\/\\\/voytechauto.com\\\/pl\\\/produkt\\\/tlumik-porsche-944-477-711-239\\\/#primaryimage\",\"url\":\"https:\\\/\\\/voytechauto.com\\\/wp-content\\\/uploads\\\/2026\\\/04\\\/1-4.png\",\"contentUrl\":\"https:\\\/\\\/voytechauto.com\\\/wp-content\\\/uploads\\\/2026\\\/04\\\/1-4.png\",\"width\":512,\"height\":440},{\"@type\":\"BreadcrumbList\",\"@id\":\"https:\\\/\\\/voytechauto.com\\\/pl\\\/produkt\\\/tlumik-porsche-944-477-711-239\\\/#breadcrumb\",\"itemListElement\":[{\"@type\":\"ListItem\",\"position\":1,\"name\":\"Home\",\"item\":\"https:\\\/\\\/voytechauto.com\\\/pl\\\/\"},{\"@type\":\"ListItem\",\"position\":2,\"name\":\"Sklep\",\"item\":\"https:\\\/\\\/voytechauto.com\\\/pl\\\/sklep\\\/\"},{\"@type\":\"ListItem\",\"position\":3,\"name\":\"T\u0142umik Porsche 944 477 711 239\"}]},{\"@type\":\"WebSite\",\"@id\":\"https:\\\/\\\/voytechauto.com\\\/pl\\\/#website\",\"url\":\"https:\\\/\\\/voytechauto.com\\\/pl\\\/\",\"name\":\"Voytech Auto \u2013 Transaxle Porsche & Classic 911 Specialist in Krak\u00f3w\",\"description\":\"\",\"publisher\":{\"@id\":\"https:\\\/\\\/voytechauto.com\\\/pl\\\/#organization\"},\"potentialAction\":[{\"@type\":\"SearchAction\",\"target\":{\"@type\":\"EntryPoint\",\"urlTemplate\":\"https:\\\/\\\/voytechauto.com\\\/pl\\\/?s={search_term_string}\"},\"query-input\":{\"@type\":\"PropertyValueSpecification\",\"valueRequired\":true,\"valueName\":\"search_term_string\"}}],\"inLanguage\":\"pl-PL\"},{\"@type\":\"Organization\",\"@id\":\"https:\\\/\\\/voytechauto.com\\\/pl\\\/#organization\",\"name\":\"Voytech Auto \u2013 Transaxle Porsche & Classic 911 Specialist in Krak\u00f3w\",\"url\":\"https:\\\/\\\/voytechauto.com\\\/pl\\\/\",\"logo\":{\"@type\":\"ImageObject\",\"inLanguage\":\"pl-PL\",\"@id\":\"https:\\\/\\\/voytechauto.com\\\/pl\\\/#\\\/schema\\\/logo\\\/image\\\/\",\"url\":\"https:\\\/\\\/voytechauto.com\\\/wp-content\\\/uploads\\\/2025\\\/03\\\/VOYTECH-LOGO-1.png\",\"contentUrl\":\"https:\\\/\\\/voytechauto.com\\\/wp-content\\\/uploads\\\/2025\\\/03\\\/VOYTECH-LOGO-1.png\",\"width\":215,\"height\":28,\"caption\":\"Voytech Auto \u2013 Transaxle Porsche & Classic 911 Specialist in Krak\u00f3w\"},\"image\":{\"@id\":\"https:\\\/\\\/voytechauto.com\\\/pl\\\/#\\\/schema\\\/logo\\\/image\\\/\"},\"sameAs\":[\"https:\\\/\\\/www.facebook.com\\\/voytech.auto\",\"https:\\\/\\\/www.instagram.com\\\/voytech_auto\\\/\"]}]}<\/script>\n<!-- \/ Yoast SEO plugin. -->","yoast_head_json":{"title":"T\u0142umik Porsche 944 477 711 239 - Transaxle &amp; Classic Porsche Specialist in Krak\u00f3w","robots":{"index":"index","follow":"follow","max-snippet":"max-snippet:-1","max-image-preview":"max-image-preview:large","max-video-preview":"max-video-preview:-1"},"canonical":"https:\/\/voytechauto.com\/pl\/produkt\/tlumik-porsche-944-477-711-239\/","og_locale":"pl_PL","og_type":"article","og_title":"T\u0142umik Porsche 944 477 711 239 - Transaxle &amp; Classic Porsche Specialist in Krak\u00f3w","og_description":"Oferujemy do sprzeda\u017cy oryginalny, u\u017cywany t\u0142umik d\u017awi\u0119ku do Porsche 944. Numer cz\u0119\u015bci OE Porsche: 477 711 239 Dost\u0119pna jest wysy\u0142ka \u0142\u0105czona; prosimy o wiadomo\u015b\u0107 przed zakupem. Jeste\u015bmy warsztatem specjalizuj\u0105cym si\u0119 we wszystkich modelach Transaxle oraz klasycznych Porsche 911. W przypadku pyta\u0144 prosimy o kontakt. www.voytechauto.com","og_url":"https:\/\/voytechauto.com\/pl\/produkt\/tlumik-porsche-944-477-711-239\/","og_site_name":"Transaxle &amp; Classic Porsche Specialist in Krak\u00f3w","article_publisher":"https:\/\/www.facebook.com\/voytech.auto","article_modified_time":"2026-04-28T05:50:43+00:00","og_image":[{"width":512,"height":440,"url":"https:\/\/voytechauto.com\/wp-content\/uploads\/2026\/04\/1-4.png","type":"image\/png"}],"twitter_card":"summary_large_image","schema":{"@context":"https:\/\/schema.org","@graph":[{"@type":"WebPage","@id":"https:\/\/voytechauto.com\/pl\/produkt\/tlumik-porsche-944-477-711-239\/","url":"https:\/\/voytechauto.com\/pl\/produkt\/tlumik-porsche-944-477-711-239\/","name":"T\u0142umik Porsche 944 477 711 239 - Transaxle &amp; Classic Porsche Specialist in Krak\u00f3w","isPartOf":{"@id":"https:\/\/voytechauto.com\/pl\/#website"},"primaryImageOfPage":{"@id":"https:\/\/voytechauto.com\/pl\/produkt\/tlumik-porsche-944-477-711-239\/#primaryimage"},"image":{"@id":"https:\/\/voytechauto.com\/pl\/produkt\/tlumik-porsche-944-477-711-239\/#primaryimage"},"thumbnailUrl":"https:\/\/voytechauto.com\/wp-content\/uploads\/2026\/04\/1-4.png","datePublished":"2026-04-24T12:03:24+00:00","dateModified":"2026-04-28T05:50:43+00:00","breadcrumb":{"@id":"https:\/\/voytechauto.com\/pl\/produkt\/tlumik-porsche-944-477-711-239\/#breadcrumb"},"inLanguage":"pl-PL","potentialAction":[{"@type":"ReadAction","target":["https:\/\/voytechauto.com\/pl\/produkt\/tlumik-porsche-944-477-711-239\/"]}]},{"@type":"ImageObject","inLanguage":"pl-PL","@id":"https:\/\/voytechauto.com\/pl\/produkt\/tlumik-porsche-944-477-711-239\/#primaryimage","url":"https:\/\/voytechauto.com\/wp-content\/uploads\/2026\/04\/1-4.png","contentUrl":"https:\/\/voytechauto.com\/wp-content\/uploads\/2026\/04\/1-4.png","width":512,"height":440},{"@type":"BreadcrumbList","@id":"https:\/\/voytechauto.com\/pl\/produkt\/tlumik-porsche-944-477-711-239\/#breadcrumb","itemListElement":[{"@type":"ListItem","position":1,"name":"Home","item":"https:\/\/voytechauto.com\/pl\/"},{"@type":"ListItem","position":2,"name":"Sklep","item":"https:\/\/voytechauto.com\/pl\/sklep\/"},{"@type":"ListItem","position":3,"name":"T\u0142umik Porsche 944 477 711 239"}]},{"@type":"WebSite","@id":"https:\/\/voytechauto.com\/pl\/#website","url":"https:\/\/voytechauto.com\/pl\/","name":"Voytech Auto \u2013 Transaxle Porsche & Classic 911 Specialist in Krak\u00f3w","description":"","publisher":{"@id":"https:\/\/voytechauto.com\/pl\/#organization"},"potentialAction":[{"@type":"SearchAction","target":{"@type":"EntryPoint","urlTemplate":"https:\/\/voytechauto.com\/pl\/?s={search_term_string}"},"query-input":{"@type":"PropertyValueSpecification","valueRequired":true,"valueName":"search_term_string"}}],"inLanguage":"pl-PL"},{"@type":"Organization","@id":"https:\/\/voytechauto.com\/pl\/#organization","name":"Voytech Auto \u2013 Transaxle Porsche & Classic 911 Specialist in Krak\u00f3w","url":"https:\/\/voytechauto.com\/pl\/","logo":{"@type":"ImageObject","inLanguage":"pl-PL","@id":"https:\/\/voytechauto.com\/pl\/#\/schema\/logo\/image\/","url":"https:\/\/voytechauto.com\/wp-content\/uploads\/2025\/03\/VOYTECH-LOGO-1.png","contentUrl":"https:\/\/voytechauto.com\/wp-content\/uploads\/2025\/03\/VOYTECH-LOGO-1.png","width":215,"height":28,"caption":"Voytech Auto \u2013 Transaxle Porsche & Classic 911 Specialist in Krak\u00f3w"},"image":{"@id":"https:\/\/voytechauto.com\/pl\/#\/schema\/logo\/image\/"},"sameAs":["https:\/\/www.facebook.com\/voytech.auto","https:\/\/www.instagram.com\/voytech_auto\/"]}]}},"_links":{"self":[{"href":"https:\/\/voytechauto.com\/pl\/wp-json\/wp\/v2\/product\/2433","targetHints":{"allow":["GET"]}}],"collection":[{"href":"https:\/\/voytechauto.com\/pl\/wp-json\/wp\/v2\/product"}],"about":[{"href":"https:\/\/voytechauto.com\/pl\/wp-json\/wp\/v2\/types\/product"}],"wp:featuredmedia":[{"embeddable":true,"href":"https:\/\/voytechauto.com\/pl\/wp-json\/wp\/v2\/media\/2486"}],"wp:attachment":[{"href":"https:\/\/voytechauto.com\/pl\/wp-json\/wp\/v2\/media?parent=2433"}],"wp:term":[{"taxonomy":"product_brand","embeddable":true,"href":"https:\/\/voytechauto.com\/pl\/wp-json\/wp\/v2\/product_brand?post=2433"},{"taxonomy":"product_cat","embeddable":true,"href":"https:\/\/voytechauto.com\/pl\/wp-json\/wp\/v2\/product_cat?post=2433"},{"taxonomy":"product_tag","embeddable":true,"href":"https:\/\/voytechauto.com\/pl\/wp-json\/wp\/v2\/product_tag?post=2433"}],"curies":[{"name":"wp","href":"https:\/\/api.w.org\/{rel}","templated":true}]}}