{"id":2533,"date":"2026-04-24T18:17:43","date_gmt":"2026-04-24T16:17:43","guid":{"rendered":"https:\/\/voytechauto.com\/product\/porsche-924-944-lewy-zawias-maski-94451130100\/"},"modified":"2026-04-24T18:17:43","modified_gmt":"2026-04-24T16:17:43","slug":"porsche-924-944-lewy-zawias-maski-94451130100","status":"publish","type":"product","link":"https:\/\/voytechauto.com\/pl\/produkt\/porsche-924-944-lewy-zawias-maski-94451130100\/","title":{"rendered":"Porsche: 924, 944, Lewy zawias maski 94451130100"},"content":{"rendered":"<p>Oferujemy na sprzeda\u017c oryginalny, u\u017cywany lewy zawias maski do modeli Porsche 924 i 944.<\/p>\n<p>Posiadamy kilka zawias\u00f3w na stanie; dlatego prosimy o kontakt przed zakupem.<\/p>\n<p>Numer cz\u0119\u015bci OE Porsche: 944 511 301 00<\/p>\n<p>Dost\u0119pna jest wysy\u0142ka \u0142\u0105czona; prosimy o wiadomo\u015b\u0107 przed zakupem.<\/p>\n<p>Jeste\u015bmy warsztatem specjalizuj\u0105cym si\u0119 we wszystkich modelach Transaxle oraz klasycznych Porsche 911. W przypadku pyta\u0144 prosimy o kontakt.<br \/>\nwww.voytechauto.com<\/p>\n","protected":false},"excerpt":{"rendered":"<p>Oferujemy na sprzeda\u017c oryginalny, u\u017cywany lewy zawias maski do modeli Porsche 924 i 944. Posiadamy kilka zawias\u00f3w na stanie; dlatego prosimy o kontakt przed zakupem. Numer cz\u0119\u015bci OE Porsche: 944 511 301 00 Dost\u0119pna jest wysy\u0142ka \u0142\u0105czona; prosimy o wiadomo\u015b\u0107 przed zakupem. Jeste\u015bmy warsztatem specjalizuj\u0105cym si\u0119 we wszystkich modelach Transaxle oraz klasycznych Porsche 911. W [&hellip;]<\/p>\n","protected":false},"featured_media":2531,"template":"","meta":{"_stock_pool":"Voytech"},"product_brand":[],"product_cat":[178],"product_tag":[152,161],"class_list":{"0":"post-2533","1":"product","2":"type-product","3":"status-publish","4":"has-post-thumbnail","6":"product_cat-nadwozie","7":"product_tag-porsche-924","8":"product_tag-porsche-944","10":"first","11":"instock","12":"taxable","13":"shipping-taxable","14":"purchasable","15":"product-type-simple"},"yoast_head":"<!-- This site is optimized with the Yoast SEO plugin v27.3 - https:\/\/yoast.com\/product\/yoast-seo-wordpress\/ -->\n<title>Porsche: 924, 944, Lewy zawias maski 94451130100 - Transaxle &amp; Classic Porsche Specialist in Krak\u00f3w<\/title>\n<meta name=\"robots\" content=\"index, follow, max-snippet:-1, max-image-preview:large, max-video-preview:-1\" \/>\n<link rel=\"canonical\" href=\"https:\/\/voytechauto.com\/pl\/produkt\/porsche-924-944-lewy-zawias-maski-94451130100\/\" \/>\n<meta property=\"og:locale\" content=\"pl_PL\" \/>\n<meta property=\"og:type\" content=\"article\" \/>\n<meta property=\"og:title\" content=\"Porsche: 924, 944, Lewy zawias maski 94451130100 - Transaxle &amp; Classic Porsche Specialist in Krak\u00f3w\" \/>\n<meta property=\"og:description\" content=\"Oferujemy na sprzeda\u017c oryginalny, u\u017cywany lewy zawias maski do modeli Porsche 924 i 944. Posiadamy kilka zawias\u00f3w na stanie; dlatego prosimy o kontakt przed zakupem. Numer cz\u0119\u015bci OE Porsche: 944 511 301 00 Dost\u0119pna jest wysy\u0142ka \u0142\u0105czona; prosimy o wiadomo\u015b\u0107 przed zakupem. Jeste\u015bmy warsztatem specjalizuj\u0105cym si\u0119 we wszystkich modelach Transaxle oraz klasycznych Porsche 911. W [&hellip;]\" \/>\n<meta property=\"og:url\" content=\"https:\/\/voytechauto.com\/pl\/produkt\/porsche-924-944-lewy-zawias-maski-94451130100\/\" \/>\n<meta property=\"og:site_name\" content=\"Transaxle &amp; Classic Porsche Specialist in Krak\u00f3w\" \/>\n<meta property=\"article:publisher\" content=\"https:\/\/www.facebook.com\/voytech.auto\" \/>\n<meta property=\"og:image\" content=\"https:\/\/voytechauto.com\/wp-content\/uploads\/2026\/04\/1-9.png\" \/>\n\t<meta property=\"og:image:width\" content=\"512\" \/>\n\t<meta property=\"og:image:height\" content=\"440\" \/>\n\t<meta property=\"og:image:type\" content=\"image\/png\" \/>\n<meta name=\"twitter:card\" content=\"summary_large_image\" \/>\n<script type=\"application\/ld+json\" class=\"yoast-schema-graph\">{\"@context\":\"https:\\\/\\\/schema.org\",\"@graph\":[{\"@type\":\"WebPage\",\"@id\":\"https:\\\/\\\/voytechauto.com\\\/pl\\\/produkt\\\/porsche-924-944-lewy-zawias-maski-94451130100\\\/\",\"url\":\"https:\\\/\\\/voytechauto.com\\\/pl\\\/produkt\\\/porsche-924-944-lewy-zawias-maski-94451130100\\\/\",\"name\":\"Porsche: 924, 944, Lewy zawias maski 94451130100 - Transaxle &amp; Classic Porsche Specialist in Krak\u00f3w\",\"isPartOf\":{\"@id\":\"https:\\\/\\\/voytechauto.com\\\/pl\\\/#website\"},\"primaryImageOfPage\":{\"@id\":\"https:\\\/\\\/voytechauto.com\\\/pl\\\/produkt\\\/porsche-924-944-lewy-zawias-maski-94451130100\\\/#primaryimage\"},\"image\":{\"@id\":\"https:\\\/\\\/voytechauto.com\\\/pl\\\/produkt\\\/porsche-924-944-lewy-zawias-maski-94451130100\\\/#primaryimage\"},\"thumbnailUrl\":\"https:\\\/\\\/voytechauto.com\\\/wp-content\\\/uploads\\\/2026\\\/04\\\/1-9.png\",\"datePublished\":\"2026-04-24T16:17:43+00:00\",\"breadcrumb\":{\"@id\":\"https:\\\/\\\/voytechauto.com\\\/pl\\\/produkt\\\/porsche-924-944-lewy-zawias-maski-94451130100\\\/#breadcrumb\"},\"inLanguage\":\"pl-PL\",\"potentialAction\":[{\"@type\":\"ReadAction\",\"target\":[\"https:\\\/\\\/voytechauto.com\\\/pl\\\/produkt\\\/porsche-924-944-lewy-zawias-maski-94451130100\\\/\"]}]},{\"@type\":\"ImageObject\",\"inLanguage\":\"pl-PL\",\"@id\":\"https:\\\/\\\/voytechauto.com\\\/pl\\\/produkt\\\/porsche-924-944-lewy-zawias-maski-94451130100\\\/#primaryimage\",\"url\":\"https:\\\/\\\/voytechauto.com\\\/wp-content\\\/uploads\\\/2026\\\/04\\\/1-9.png\",\"contentUrl\":\"https:\\\/\\\/voytechauto.com\\\/wp-content\\\/uploads\\\/2026\\\/04\\\/1-9.png\",\"width\":512,\"height\":440},{\"@type\":\"BreadcrumbList\",\"@id\":\"https:\\\/\\\/voytechauto.com\\\/pl\\\/produkt\\\/porsche-924-944-lewy-zawias-maski-94451130100\\\/#breadcrumb\",\"itemListElement\":[{\"@type\":\"ListItem\",\"position\":1,\"name\":\"Home\",\"item\":\"https:\\\/\\\/voytechauto.com\\\/pl\\\/\"},{\"@type\":\"ListItem\",\"position\":2,\"name\":\"Sklep\",\"item\":\"https:\\\/\\\/voytechauto.com\\\/pl\\\/sklep\\\/\"},{\"@type\":\"ListItem\",\"position\":3,\"name\":\"Porsche: 924, 944, Lewy zawias maski 94451130100\"}]},{\"@type\":\"WebSite\",\"@id\":\"https:\\\/\\\/voytechauto.com\\\/pl\\\/#website\",\"url\":\"https:\\\/\\\/voytechauto.com\\\/pl\\\/\",\"name\":\"Voytech Auto \u2013 Transaxle Porsche & Classic 911 Specialist in Krak\u00f3w\",\"description\":\"\",\"publisher\":{\"@id\":\"https:\\\/\\\/voytechauto.com\\\/pl\\\/#organization\"},\"potentialAction\":[{\"@type\":\"SearchAction\",\"target\":{\"@type\":\"EntryPoint\",\"urlTemplate\":\"https:\\\/\\\/voytechauto.com\\\/pl\\\/?s={search_term_string}\"},\"query-input\":{\"@type\":\"PropertyValueSpecification\",\"valueRequired\":true,\"valueName\":\"search_term_string\"}}],\"inLanguage\":\"pl-PL\"},{\"@type\":\"Organization\",\"@id\":\"https:\\\/\\\/voytechauto.com\\\/pl\\\/#organization\",\"name\":\"Voytech Auto \u2013 Transaxle Porsche & Classic 911 Specialist in Krak\u00f3w\",\"url\":\"https:\\\/\\\/voytechauto.com\\\/pl\\\/\",\"logo\":{\"@type\":\"ImageObject\",\"inLanguage\":\"pl-PL\",\"@id\":\"https:\\\/\\\/voytechauto.com\\\/pl\\\/#\\\/schema\\\/logo\\\/image\\\/\",\"url\":\"https:\\\/\\\/voytechauto.com\\\/wp-content\\\/uploads\\\/2025\\\/03\\\/VOYTECH-LOGO-1.png\",\"contentUrl\":\"https:\\\/\\\/voytechauto.com\\\/wp-content\\\/uploads\\\/2025\\\/03\\\/VOYTECH-LOGO-1.png\",\"width\":215,\"height\":28,\"caption\":\"Voytech Auto \u2013 Transaxle Porsche & Classic 911 Specialist in Krak\u00f3w\"},\"image\":{\"@id\":\"https:\\\/\\\/voytechauto.com\\\/pl\\\/#\\\/schema\\\/logo\\\/image\\\/\"},\"sameAs\":[\"https:\\\/\\\/www.facebook.com\\\/voytech.auto\",\"https:\\\/\\\/www.instagram.com\\\/voytech_auto\\\/\"]}]}<\/script>\n<!-- \/ Yoast SEO plugin. -->","yoast_head_json":{"title":"Porsche: 924, 944, Lewy zawias maski 94451130100 - Transaxle &amp; Classic Porsche Specialist in Krak\u00f3w","robots":{"index":"index","follow":"follow","max-snippet":"max-snippet:-1","max-image-preview":"max-image-preview:large","max-video-preview":"max-video-preview:-1"},"canonical":"https:\/\/voytechauto.com\/pl\/produkt\/porsche-924-944-lewy-zawias-maski-94451130100\/","og_locale":"pl_PL","og_type":"article","og_title":"Porsche: 924, 944, Lewy zawias maski 94451130100 - Transaxle &amp; Classic Porsche Specialist in Krak\u00f3w","og_description":"Oferujemy na sprzeda\u017c oryginalny, u\u017cywany lewy zawias maski do modeli Porsche 924 i 944. Posiadamy kilka zawias\u00f3w na stanie; dlatego prosimy o kontakt przed zakupem. Numer cz\u0119\u015bci OE Porsche: 944 511 301 00 Dost\u0119pna jest wysy\u0142ka \u0142\u0105czona; prosimy o wiadomo\u015b\u0107 przed zakupem. Jeste\u015bmy warsztatem specjalizuj\u0105cym si\u0119 we wszystkich modelach Transaxle oraz klasycznych Porsche 911. W [&hellip;]","og_url":"https:\/\/voytechauto.com\/pl\/produkt\/porsche-924-944-lewy-zawias-maski-94451130100\/","og_site_name":"Transaxle &amp; Classic Porsche Specialist in Krak\u00f3w","article_publisher":"https:\/\/www.facebook.com\/voytech.auto","og_image":[{"width":512,"height":440,"url":"https:\/\/voytechauto.com\/wp-content\/uploads\/2026\/04\/1-9.png","type":"image\/png"}],"twitter_card":"summary_large_image","schema":{"@context":"https:\/\/schema.org","@graph":[{"@type":"WebPage","@id":"https:\/\/voytechauto.com\/pl\/produkt\/porsche-924-944-lewy-zawias-maski-94451130100\/","url":"https:\/\/voytechauto.com\/pl\/produkt\/porsche-924-944-lewy-zawias-maski-94451130100\/","name":"Porsche: 924, 944, Lewy zawias maski 94451130100 - Transaxle &amp; Classic Porsche Specialist in Krak\u00f3w","isPartOf":{"@id":"https:\/\/voytechauto.com\/pl\/#website"},"primaryImageOfPage":{"@id":"https:\/\/voytechauto.com\/pl\/produkt\/porsche-924-944-lewy-zawias-maski-94451130100\/#primaryimage"},"image":{"@id":"https:\/\/voytechauto.com\/pl\/produkt\/porsche-924-944-lewy-zawias-maski-94451130100\/#primaryimage"},"thumbnailUrl":"https:\/\/voytechauto.com\/wp-content\/uploads\/2026\/04\/1-9.png","datePublished":"2026-04-24T16:17:43+00:00","breadcrumb":{"@id":"https:\/\/voytechauto.com\/pl\/produkt\/porsche-924-944-lewy-zawias-maski-94451130100\/#breadcrumb"},"inLanguage":"pl-PL","potentialAction":[{"@type":"ReadAction","target":["https:\/\/voytechauto.com\/pl\/produkt\/porsche-924-944-lewy-zawias-maski-94451130100\/"]}]},{"@type":"ImageObject","inLanguage":"pl-PL","@id":"https:\/\/voytechauto.com\/pl\/produkt\/porsche-924-944-lewy-zawias-maski-94451130100\/#primaryimage","url":"https:\/\/voytechauto.com\/wp-content\/uploads\/2026\/04\/1-9.png","contentUrl":"https:\/\/voytechauto.com\/wp-content\/uploads\/2026\/04\/1-9.png","width":512,"height":440},{"@type":"BreadcrumbList","@id":"https:\/\/voytechauto.com\/pl\/produkt\/porsche-924-944-lewy-zawias-maski-94451130100\/#breadcrumb","itemListElement":[{"@type":"ListItem","position":1,"name":"Home","item":"https:\/\/voytechauto.com\/pl\/"},{"@type":"ListItem","position":2,"name":"Sklep","item":"https:\/\/voytechauto.com\/pl\/sklep\/"},{"@type":"ListItem","position":3,"name":"Porsche: 924, 944, Lewy zawias maski 94451130100"}]},{"@type":"WebSite","@id":"https:\/\/voytechauto.com\/pl\/#website","url":"https:\/\/voytechauto.com\/pl\/","name":"Voytech Auto \u2013 Transaxle Porsche & Classic 911 Specialist in Krak\u00f3w","description":"","publisher":{"@id":"https:\/\/voytechauto.com\/pl\/#organization"},"potentialAction":[{"@type":"SearchAction","target":{"@type":"EntryPoint","urlTemplate":"https:\/\/voytechauto.com\/pl\/?s={search_term_string}"},"query-input":{"@type":"PropertyValueSpecification","valueRequired":true,"valueName":"search_term_string"}}],"inLanguage":"pl-PL"},{"@type":"Organization","@id":"https:\/\/voytechauto.com\/pl\/#organization","name":"Voytech Auto \u2013 Transaxle Porsche & Classic 911 Specialist in Krak\u00f3w","url":"https:\/\/voytechauto.com\/pl\/","logo":{"@type":"ImageObject","inLanguage":"pl-PL","@id":"https:\/\/voytechauto.com\/pl\/#\/schema\/logo\/image\/","url":"https:\/\/voytechauto.com\/wp-content\/uploads\/2025\/03\/VOYTECH-LOGO-1.png","contentUrl":"https:\/\/voytechauto.com\/wp-content\/uploads\/2025\/03\/VOYTECH-LOGO-1.png","width":215,"height":28,"caption":"Voytech Auto \u2013 Transaxle Porsche & Classic 911 Specialist in Krak\u00f3w"},"image":{"@id":"https:\/\/voytechauto.com\/pl\/#\/schema\/logo\/image\/"},"sameAs":["https:\/\/www.facebook.com\/voytech.auto","https:\/\/www.instagram.com\/voytech_auto\/"]}]}},"_links":{"self":[{"href":"https:\/\/voytechauto.com\/pl\/wp-json\/wp\/v2\/product\/2533","targetHints":{"allow":["GET"]}}],"collection":[{"href":"https:\/\/voytechauto.com\/pl\/wp-json\/wp\/v2\/product"}],"about":[{"href":"https:\/\/voytechauto.com\/pl\/wp-json\/wp\/v2\/types\/product"}],"wp:featuredmedia":[{"embeddable":true,"href":"https:\/\/voytechauto.com\/pl\/wp-json\/wp\/v2\/media\/2531"}],"wp:attachment":[{"href":"https:\/\/voytechauto.com\/pl\/wp-json\/wp\/v2\/media?parent=2533"}],"wp:term":[{"taxonomy":"product_brand","embeddable":true,"href":"https:\/\/voytechauto.com\/pl\/wp-json\/wp\/v2\/product_brand?post=2533"},{"taxonomy":"product_cat","embeddable":true,"href":"https:\/\/voytechauto.com\/pl\/wp-json\/wp\/v2\/product_cat?post=2533"},{"taxonomy":"product_tag","embeddable":true,"href":"https:\/\/voytechauto.com\/pl\/wp-json\/wp\/v2\/product_tag?post=2533"}],"curies":[{"name":"wp","href":"https:\/\/api.w.org\/{rel}","templated":true}]}}