{"id":2566,"date":"2026-04-24T19:59:34","date_gmt":"2026-04-24T17:59:34","guid":{"rendered":"https:\/\/voytechauto.com\/product\/porsche-928-rolka-prowadzaca-napinajaca-92810535100-92810556701-92810506700\/"},"modified":"2026-04-24T19:59:34","modified_gmt":"2026-04-24T17:59:34","slug":"porsche-928-rolka-prowadzaca-napinajaca-92810535100-92810556701-92810506700","status":"publish","type":"product","link":"https:\/\/voytechauto.com\/pl\/produkt\/porsche-928-rolka-prowadzaca-napinajaca-92810535100-92810556701-92810506700\/","title":{"rendered":"Porsche: 928, Rolka prowadz\u0105ca \/ napinaj\u0105ca 92810535100, 92810556701, 92810506700"},"content":{"rendered":"<p>Oferujemy now\u0105 rolk\u0119 prowadz\u0105c\u0105 \/ napinaj\u0105c\u0105 do Porsche 928.<\/p>\n<p>Pasuje do nast\u0119puj\u0105cych kod\u00f3w silnika:<\/p>\n<p>M28\/11, M28\/12, M28\/20, M28\/21, M28\/22, M28\/41, M28\/42, M28\/47, M28\/49, M28\/50<\/p>\n<p>Numery cz\u0119\u015bci OE: 928 105 351 00, 928 105 567 01, 928 105 067 00<\/p>\n<p>Dost\u0119pna jest wysy\u0142ka \u0142\u0105czona; prosimy o wiadomo\u015b\u0107 przed zakupem.<\/p>\n<p>Jeste\u015bmy warsztatem specjalizuj\u0105cym si\u0119 we wszystkich modelach Porsche Transaxle. W przypadku pyta\u0144 prosimy o kontakt.<br \/>\nwww.voytechauto.com<\/p>\n","protected":false},"excerpt":{"rendered":"<p>Oferujemy now\u0105 rolk\u0119 prowadz\u0105c\u0105 \/ napinaj\u0105c\u0105 do Porsche 928. Pasuje do nast\u0119puj\u0105cych kod\u00f3w silnika: M28\/11, M28\/12, M28\/20, M28\/21, M28\/22, M28\/41, M28\/42, M28\/47, M28\/49, M28\/50 Numery cz\u0119\u015bci OE: 928 105 351 00, 928 105 567 01, 928 105 067 00 Dost\u0119pna jest wysy\u0142ka \u0142\u0105czona; prosimy o wiadomo\u015b\u0107 przed zakupem. Jeste\u015bmy warsztatem specjalizuj\u0105cym si\u0119 we wszystkich modelach [&hellip;]<\/p>\n","protected":false},"featured_media":2563,"template":"","meta":{"_stock_pool":"Voytech"},"product_brand":[],"product_cat":[151],"product_tag":[153],"class_list":{"0":"post-2566","1":"product","2":"type-product","3":"status-publish","4":"has-post-thumbnail","6":"product_cat-silnik","7":"product_tag-porsche-928","9":"first","10":"instock","11":"taxable","12":"shipping-taxable","13":"purchasable","14":"product-type-simple"},"yoast_head":"<!-- This site is optimized with the Yoast SEO plugin v27.3 - https:\/\/yoast.com\/product\/yoast-seo-wordpress\/ -->\n<title>Porsche: 928, Rolka prowadz\u0105ca \/ napinaj\u0105ca 92810535100, 92810556701, 92810506700 - Transaxle &amp; Classic Porsche Specialist in Krak\u00f3w<\/title>\n<meta name=\"robots\" content=\"index, follow, max-snippet:-1, max-image-preview:large, max-video-preview:-1\" \/>\n<link rel=\"canonical\" href=\"https:\/\/voytechauto.com\/pl\/produkt\/porsche-928-rolka-prowadzaca-napinajaca-92810535100-92810556701-92810506700\/\" \/>\n<meta property=\"og:locale\" content=\"pl_PL\" \/>\n<meta property=\"og:type\" content=\"article\" \/>\n<meta property=\"og:title\" content=\"Porsche: 928, Rolka prowadz\u0105ca \/ napinaj\u0105ca 92810535100, 92810556701, 92810506700 - Transaxle &amp; Classic Porsche Specialist in Krak\u00f3w\" \/>\n<meta property=\"og:description\" content=\"Oferujemy now\u0105 rolk\u0119 prowadz\u0105c\u0105 \/ napinaj\u0105c\u0105 do Porsche 928. Pasuje do nast\u0119puj\u0105cych kod\u00f3w silnika: M28\/11, M28\/12, M28\/20, M28\/21, M28\/22, M28\/41, M28\/42, M28\/47, M28\/49, M28\/50 Numery cz\u0119\u015bci OE: 928 105 351 00, 928 105 567 01, 928 105 067 00 Dost\u0119pna jest wysy\u0142ka \u0142\u0105czona; prosimy o wiadomo\u015b\u0107 przed zakupem. Jeste\u015bmy warsztatem specjalizuj\u0105cym si\u0119 we wszystkich modelach [&hellip;]\" \/>\n<meta property=\"og:url\" content=\"https:\/\/voytechauto.com\/pl\/produkt\/porsche-928-rolka-prowadzaca-napinajaca-92810535100-92810556701-92810506700\/\" \/>\n<meta property=\"og:site_name\" content=\"Transaxle &amp; Classic Porsche Specialist in Krak\u00f3w\" \/>\n<meta property=\"article:publisher\" content=\"https:\/\/www.facebook.com\/voytech.auto\" \/>\n<meta property=\"og:image\" content=\"https:\/\/voytechauto.com\/wp-content\/uploads\/2026\/04\/1-13.png\" \/>\n\t<meta property=\"og:image:width\" content=\"512\" \/>\n\t<meta property=\"og:image:height\" content=\"440\" \/>\n\t<meta property=\"og:image:type\" content=\"image\/png\" \/>\n<meta name=\"twitter:card\" content=\"summary_large_image\" \/>\n<script type=\"application\/ld+json\" class=\"yoast-schema-graph\">{\"@context\":\"https:\\\/\\\/schema.org\",\"@graph\":[{\"@type\":\"WebPage\",\"@id\":\"https:\\\/\\\/voytechauto.com\\\/pl\\\/produkt\\\/porsche-928-rolka-prowadzaca-napinajaca-92810535100-92810556701-92810506700\\\/\",\"url\":\"https:\\\/\\\/voytechauto.com\\\/pl\\\/produkt\\\/porsche-928-rolka-prowadzaca-napinajaca-92810535100-92810556701-92810506700\\\/\",\"name\":\"Porsche: 928, Rolka prowadz\u0105ca \\\/ napinaj\u0105ca 92810535100, 92810556701, 92810506700 - Transaxle &amp; Classic Porsche Specialist in Krak\u00f3w\",\"isPartOf\":{\"@id\":\"https:\\\/\\\/voytechauto.com\\\/pl\\\/#website\"},\"primaryImageOfPage\":{\"@id\":\"https:\\\/\\\/voytechauto.com\\\/pl\\\/produkt\\\/porsche-928-rolka-prowadzaca-napinajaca-92810535100-92810556701-92810506700\\\/#primaryimage\"},\"image\":{\"@id\":\"https:\\\/\\\/voytechauto.com\\\/pl\\\/produkt\\\/porsche-928-rolka-prowadzaca-napinajaca-92810535100-92810556701-92810506700\\\/#primaryimage\"},\"thumbnailUrl\":\"https:\\\/\\\/voytechauto.com\\\/wp-content\\\/uploads\\\/2026\\\/04\\\/1-13.png\",\"datePublished\":\"2026-04-24T17:59:34+00:00\",\"breadcrumb\":{\"@id\":\"https:\\\/\\\/voytechauto.com\\\/pl\\\/produkt\\\/porsche-928-rolka-prowadzaca-napinajaca-92810535100-92810556701-92810506700\\\/#breadcrumb\"},\"inLanguage\":\"pl-PL\",\"potentialAction\":[{\"@type\":\"ReadAction\",\"target\":[\"https:\\\/\\\/voytechauto.com\\\/pl\\\/produkt\\\/porsche-928-rolka-prowadzaca-napinajaca-92810535100-92810556701-92810506700\\\/\"]}]},{\"@type\":\"ImageObject\",\"inLanguage\":\"pl-PL\",\"@id\":\"https:\\\/\\\/voytechauto.com\\\/pl\\\/produkt\\\/porsche-928-rolka-prowadzaca-napinajaca-92810535100-92810556701-92810506700\\\/#primaryimage\",\"url\":\"https:\\\/\\\/voytechauto.com\\\/wp-content\\\/uploads\\\/2026\\\/04\\\/1-13.png\",\"contentUrl\":\"https:\\\/\\\/voytechauto.com\\\/wp-content\\\/uploads\\\/2026\\\/04\\\/1-13.png\",\"width\":512,\"height\":440},{\"@type\":\"BreadcrumbList\",\"@id\":\"https:\\\/\\\/voytechauto.com\\\/pl\\\/produkt\\\/porsche-928-rolka-prowadzaca-napinajaca-92810535100-92810556701-92810506700\\\/#breadcrumb\",\"itemListElement\":[{\"@type\":\"ListItem\",\"position\":1,\"name\":\"Home\",\"item\":\"https:\\\/\\\/voytechauto.com\\\/pl\\\/\"},{\"@type\":\"ListItem\",\"position\":2,\"name\":\"Sklep\",\"item\":\"https:\\\/\\\/voytechauto.com\\\/pl\\\/sklep\\\/\"},{\"@type\":\"ListItem\",\"position\":3,\"name\":\"Porsche: 928, Rolka prowadz\u0105ca \\\/ napinaj\u0105ca 92810535100, 92810556701, 92810506700\"}]},{\"@type\":\"WebSite\",\"@id\":\"https:\\\/\\\/voytechauto.com\\\/pl\\\/#website\",\"url\":\"https:\\\/\\\/voytechauto.com\\\/pl\\\/\",\"name\":\"Voytech Auto \u2013 Transaxle Porsche & Classic 911 Specialist in Krak\u00f3w\",\"description\":\"\",\"publisher\":{\"@id\":\"https:\\\/\\\/voytechauto.com\\\/pl\\\/#organization\"},\"potentialAction\":[{\"@type\":\"SearchAction\",\"target\":{\"@type\":\"EntryPoint\",\"urlTemplate\":\"https:\\\/\\\/voytechauto.com\\\/pl\\\/?s={search_term_string}\"},\"query-input\":{\"@type\":\"PropertyValueSpecification\",\"valueRequired\":true,\"valueName\":\"search_term_string\"}}],\"inLanguage\":\"pl-PL\"},{\"@type\":\"Organization\",\"@id\":\"https:\\\/\\\/voytechauto.com\\\/pl\\\/#organization\",\"name\":\"Voytech Auto \u2013 Transaxle Porsche & Classic 911 Specialist in Krak\u00f3w\",\"url\":\"https:\\\/\\\/voytechauto.com\\\/pl\\\/\",\"logo\":{\"@type\":\"ImageObject\",\"inLanguage\":\"pl-PL\",\"@id\":\"https:\\\/\\\/voytechauto.com\\\/pl\\\/#\\\/schema\\\/logo\\\/image\\\/\",\"url\":\"https:\\\/\\\/voytechauto.com\\\/wp-content\\\/uploads\\\/2025\\\/03\\\/VOYTECH-LOGO-1.png\",\"contentUrl\":\"https:\\\/\\\/voytechauto.com\\\/wp-content\\\/uploads\\\/2025\\\/03\\\/VOYTECH-LOGO-1.png\",\"width\":215,\"height\":28,\"caption\":\"Voytech Auto \u2013 Transaxle Porsche & Classic 911 Specialist in Krak\u00f3w\"},\"image\":{\"@id\":\"https:\\\/\\\/voytechauto.com\\\/pl\\\/#\\\/schema\\\/logo\\\/image\\\/\"},\"sameAs\":[\"https:\\\/\\\/www.facebook.com\\\/voytech.auto\",\"https:\\\/\\\/www.instagram.com\\\/voytech_auto\\\/\"]}]}<\/script>\n<!-- \/ Yoast SEO plugin. -->","yoast_head_json":{"title":"Porsche: 928, Rolka prowadz\u0105ca \/ napinaj\u0105ca 92810535100, 92810556701, 92810506700 - Transaxle &amp; Classic Porsche Specialist in Krak\u00f3w","robots":{"index":"index","follow":"follow","max-snippet":"max-snippet:-1","max-image-preview":"max-image-preview:large","max-video-preview":"max-video-preview:-1"},"canonical":"https:\/\/voytechauto.com\/pl\/produkt\/porsche-928-rolka-prowadzaca-napinajaca-92810535100-92810556701-92810506700\/","og_locale":"pl_PL","og_type":"article","og_title":"Porsche: 928, Rolka prowadz\u0105ca \/ napinaj\u0105ca 92810535100, 92810556701, 92810506700 - Transaxle &amp; Classic Porsche Specialist in Krak\u00f3w","og_description":"Oferujemy now\u0105 rolk\u0119 prowadz\u0105c\u0105 \/ napinaj\u0105c\u0105 do Porsche 928. Pasuje do nast\u0119puj\u0105cych kod\u00f3w silnika: M28\/11, M28\/12, M28\/20, M28\/21, M28\/22, M28\/41, M28\/42, M28\/47, M28\/49, M28\/50 Numery cz\u0119\u015bci OE: 928 105 351 00, 928 105 567 01, 928 105 067 00 Dost\u0119pna jest wysy\u0142ka \u0142\u0105czona; prosimy o wiadomo\u015b\u0107 przed zakupem. Jeste\u015bmy warsztatem specjalizuj\u0105cym si\u0119 we wszystkich modelach [&hellip;]","og_url":"https:\/\/voytechauto.com\/pl\/produkt\/porsche-928-rolka-prowadzaca-napinajaca-92810535100-92810556701-92810506700\/","og_site_name":"Transaxle &amp; Classic Porsche Specialist in Krak\u00f3w","article_publisher":"https:\/\/www.facebook.com\/voytech.auto","og_image":[{"width":512,"height":440,"url":"https:\/\/voytechauto.com\/wp-content\/uploads\/2026\/04\/1-13.png","type":"image\/png"}],"twitter_card":"summary_large_image","schema":{"@context":"https:\/\/schema.org","@graph":[{"@type":"WebPage","@id":"https:\/\/voytechauto.com\/pl\/produkt\/porsche-928-rolka-prowadzaca-napinajaca-92810535100-92810556701-92810506700\/","url":"https:\/\/voytechauto.com\/pl\/produkt\/porsche-928-rolka-prowadzaca-napinajaca-92810535100-92810556701-92810506700\/","name":"Porsche: 928, Rolka prowadz\u0105ca \/ napinaj\u0105ca 92810535100, 92810556701, 92810506700 - Transaxle &amp; Classic Porsche Specialist in Krak\u00f3w","isPartOf":{"@id":"https:\/\/voytechauto.com\/pl\/#website"},"primaryImageOfPage":{"@id":"https:\/\/voytechauto.com\/pl\/produkt\/porsche-928-rolka-prowadzaca-napinajaca-92810535100-92810556701-92810506700\/#primaryimage"},"image":{"@id":"https:\/\/voytechauto.com\/pl\/produkt\/porsche-928-rolka-prowadzaca-napinajaca-92810535100-92810556701-92810506700\/#primaryimage"},"thumbnailUrl":"https:\/\/voytechauto.com\/wp-content\/uploads\/2026\/04\/1-13.png","datePublished":"2026-04-24T17:59:34+00:00","breadcrumb":{"@id":"https:\/\/voytechauto.com\/pl\/produkt\/porsche-928-rolka-prowadzaca-napinajaca-92810535100-92810556701-92810506700\/#breadcrumb"},"inLanguage":"pl-PL","potentialAction":[{"@type":"ReadAction","target":["https:\/\/voytechauto.com\/pl\/produkt\/porsche-928-rolka-prowadzaca-napinajaca-92810535100-92810556701-92810506700\/"]}]},{"@type":"ImageObject","inLanguage":"pl-PL","@id":"https:\/\/voytechauto.com\/pl\/produkt\/porsche-928-rolka-prowadzaca-napinajaca-92810535100-92810556701-92810506700\/#primaryimage","url":"https:\/\/voytechauto.com\/wp-content\/uploads\/2026\/04\/1-13.png","contentUrl":"https:\/\/voytechauto.com\/wp-content\/uploads\/2026\/04\/1-13.png","width":512,"height":440},{"@type":"BreadcrumbList","@id":"https:\/\/voytechauto.com\/pl\/produkt\/porsche-928-rolka-prowadzaca-napinajaca-92810535100-92810556701-92810506700\/#breadcrumb","itemListElement":[{"@type":"ListItem","position":1,"name":"Home","item":"https:\/\/voytechauto.com\/pl\/"},{"@type":"ListItem","position":2,"name":"Sklep","item":"https:\/\/voytechauto.com\/pl\/sklep\/"},{"@type":"ListItem","position":3,"name":"Porsche: 928, Rolka prowadz\u0105ca \/ napinaj\u0105ca 92810535100, 92810556701, 92810506700"}]},{"@type":"WebSite","@id":"https:\/\/voytechauto.com\/pl\/#website","url":"https:\/\/voytechauto.com\/pl\/","name":"Voytech Auto \u2013 Transaxle Porsche & Classic 911 Specialist in Krak\u00f3w","description":"","publisher":{"@id":"https:\/\/voytechauto.com\/pl\/#organization"},"potentialAction":[{"@type":"SearchAction","target":{"@type":"EntryPoint","urlTemplate":"https:\/\/voytechauto.com\/pl\/?s={search_term_string}"},"query-input":{"@type":"PropertyValueSpecification","valueRequired":true,"valueName":"search_term_string"}}],"inLanguage":"pl-PL"},{"@type":"Organization","@id":"https:\/\/voytechauto.com\/pl\/#organization","name":"Voytech Auto \u2013 Transaxle Porsche & Classic 911 Specialist in Krak\u00f3w","url":"https:\/\/voytechauto.com\/pl\/","logo":{"@type":"ImageObject","inLanguage":"pl-PL","@id":"https:\/\/voytechauto.com\/pl\/#\/schema\/logo\/image\/","url":"https:\/\/voytechauto.com\/wp-content\/uploads\/2025\/03\/VOYTECH-LOGO-1.png","contentUrl":"https:\/\/voytechauto.com\/wp-content\/uploads\/2025\/03\/VOYTECH-LOGO-1.png","width":215,"height":28,"caption":"Voytech Auto \u2013 Transaxle Porsche & Classic 911 Specialist in Krak\u00f3w"},"image":{"@id":"https:\/\/voytechauto.com\/pl\/#\/schema\/logo\/image\/"},"sameAs":["https:\/\/www.facebook.com\/voytech.auto","https:\/\/www.instagram.com\/voytech_auto\/"]}]}},"_links":{"self":[{"href":"https:\/\/voytechauto.com\/pl\/wp-json\/wp\/v2\/product\/2566","targetHints":{"allow":["GET"]}}],"collection":[{"href":"https:\/\/voytechauto.com\/pl\/wp-json\/wp\/v2\/product"}],"about":[{"href":"https:\/\/voytechauto.com\/pl\/wp-json\/wp\/v2\/types\/product"}],"wp:featuredmedia":[{"embeddable":true,"href":"https:\/\/voytechauto.com\/pl\/wp-json\/wp\/v2\/media\/2563"}],"wp:attachment":[{"href":"https:\/\/voytechauto.com\/pl\/wp-json\/wp\/v2\/media?parent=2566"}],"wp:term":[{"taxonomy":"product_brand","embeddable":true,"href":"https:\/\/voytechauto.com\/pl\/wp-json\/wp\/v2\/product_brand?post=2566"},{"taxonomy":"product_cat","embeddable":true,"href":"https:\/\/voytechauto.com\/pl\/wp-json\/wp\/v2\/product_cat?post=2566"},{"taxonomy":"product_tag","embeddable":true,"href":"https:\/\/voytechauto.com\/pl\/wp-json\/wp\/v2\/product_tag?post=2566"}],"curies":[{"name":"wp","href":"https:\/\/api.w.org\/{rel}","templated":true}]}}